{"id":1510,"date":"2025-11-18T21:34:11","date_gmt":"2025-11-19T02:34:11","guid":{"rendered":"https:\/\/steelblue-aardvark-521299.hostingersite.com\/acerca-de-rodriguez-law-firm\/"},"modified":"2026-02-03T05:18:47","modified_gmt":"2026-02-03T10:18:47","slug":"sobre-nosotros","status":"publish","type":"page","link":"https:\/\/rodriguezlawfirm.com\/es\/sobre-nosotros\/","title":{"rendered":"Acerca de Rodriguez Law Firm"},"content":{"rendered":"\n<h2 class=\"wp-block-heading\">Abogado de Accidentes de Coche Mejor Calificado<\/h2>\n\n<p>Rodriguez Law Firm es uno de los abogados de accidentes automovil\u00edsticos mejor calificados en el norte de Virginia, el DMV y las \u00e1reas de Texas, con m\u00e1s de 1,100 rese\u00f1as en l\u00ednea de cinco estrellas. Estas rese\u00f1as est\u00e1n repartidas en Google, Avvo y Martindale-Hubbell. <\/p>\n\n<p>En Rodriguez Law Firm, creemos que nuestras rese\u00f1as y testimonios positivos son una prueba de nuestro enfoque centrado en el cliente. Nuestra misi\u00f3n es brindar representaci\u00f3n legal experta a cualquier persona en Virginia, Maryland, Washington D.C. y Texas, sin importar su situaci\u00f3n financiera, estado laboral o estado migratorio. <\/p>\n\n<p>Cuando contrata a Rodriguez Law Firm, obtendr\u00e1 los mejores servicios de lesiones personales:<\/p>\n\n<ul class=\"wp-block-list\">\n<li><strong>Tratamiento m\u00e9dico inmediato<\/strong>: asegurado para usted sin costos iniciales.<\/li>\n\n\n\n<li><strong>Si no ganamos, no paga<\/strong>: su acuerdo es claro: si no ganamos, no paga nada.<\/li>\n\n\n\n<li><strong>Servicio biling\u00fce (ingl\u00e9s y espa\u00f1ol)<\/strong>: tenemos un equipo multicultural, lo que significa que siempre se le entiende.<\/li>\n\n\n\n<li><strong>Gesti\u00f3n integral del caso<\/strong>: nos enfrentamos a las compa\u00f1\u00edas de seguros, presentamos su reclamaci\u00f3n y luchamos en los tribunales si es necesario.<\/li>\n\n\n\n<li><strong>Actualizaciones instant\u00e1neas del caso<\/strong>: a trav\u00e9s de nuestra aplicaci\u00f3n para clientes, adem\u00e1s del n\u00famero de tel\u00e9fono m\u00f3vil directo de su abogado.<\/li>\n<\/ul>\n\n<h2 class=\"wp-block-heading\">Con licencia en Virginia, Maryland, Washington D.C. y Texas<\/h2>\n\n<p>Rodriguez Law Firm tiene licencia para proporcionar servicios de abogados y representaci\u00f3n legal en los estados de Virginia, Maryland, Washington D.C. y Texas. Nuestro propietario y socio gerente, <a href=\"https:\/\/rodriguezlawfirm.com\/es\/abogados\/dagoberto-j-rodriguez\/\">Dagoberto J. Rodriguez<\/a>, posee licencias individuales en cada uno de estos estados. <\/p>\n\n<p>Puede verificar el estado activo de estas licencias aqu\u00ed:<\/p>\n\n<ul class=\"wp-block-list\">\n<li><a href=\"https:\/\/www.vsb.org\/Site\/Shared_Content\/Directory\/va-lawyer-directory.aspx?hkey=fb40483e-6f0d-43a8-899b-2133585a3a1e\">Directorio de abogados del Colegio de Abogados del Estado de Virginia<\/a> <em>(busque a Dagoberto Jesus Rodriguez)<\/em><\/li>\n\n\n\n<li><a href=\"https:\/\/www.mdcourts.gov\/attysearch\">B\u00fasqueda de abogados de los tribunales de Maryland<\/a> <em>(busque a Dagoberto Jesus Rodriguez)<\/em><\/li>\n\n\n\n<li><a href=\"https:\/\/my.dcbar.org\/directorymemberships?id=0014z00001kaxjXAAQ\">Directorio de miembros del Colegio de Abogados del Distrito de Columbia <\/a><\/li>\n\n\n\n<li><a href=\"https:\/\/www.texasbar.com\/AM\/Template.cfm?Section=Find_A_Lawyer&amp;template=\/Customsource\/MemberDirectory\/MemberDirectoryDetail.cfm&amp;ContactID=368800\">Colegio de Abogados de Texas <\/a><\/li>\n<\/ul>\n\n<p>Adem\u00e1s de nuestras cr\u00edticas positivas en l\u00ednea, nuestro fundador, <a href=\"https:\/\/rodriguezlawfirm.com\/es\/abogados\/dagoberto-j-rodriguez\/\">Dagoberto J. Rodr\u00edguez<\/a>, tambi\u00e9n ha sido reconocido con m\u00faltiples premios y reconocimientos de la industria por sus servicios a las v\u00edctimas de accidentes automovil\u00edsticos. Entre ellos destacan:<\/p>\n\n<ul class=\"wp-block-list\">\n<li><a href=\"https:\/\/profiles.superlawyers.com\/virginia\/manassas\/lawyer\/dagoberto-j-rodriguez\/1c37b736-3fb5-4581-a461-16d79788c1da.html\"><em>Selecci\u00f3n de \u201cRising Stars\u201d de Super Lawyers<\/em><\/a><\/li>\n\n\n\n<li><a href=\"https:\/\/www.top100personalinjuryattorneys.com\/listing\/dagoberto-j-rodriguez\/\"><em>Los 100 mejores abogados de lesiones personales<\/em><\/a><\/li>\n\n\n\n<li><a href=\"https:\/\/lawyers.justia.com\/lawyer\/dagoberto-jesus-rodriguez-1558669\"><em>Reconocimiento como uno de los mejores abogados de Virginia por Justia<\/em><\/a><\/li>\n\n\n\n<li><a href=\"https:\/\/valawyersweekly.com\/2022\/12\/26\/front-seat-passenger-killed-in-rollover-auto-accident-500000-settlement\/\"><em>Art\u00edculo en Virginia Lawyers Weekly sobre un acuerdo de $500.000 por muerte por negligencia en un accidente automovil\u00edstico<\/em><\/a><\/li>\n<\/ul>\n\n<h2 class=\"wp-block-heading\"><strong>\u00bfQu\u00e9 hace diferente a Rodr\u00edguez Law Firm?<\/strong><\/h2>\n\n<p>\u00bfPor qu\u00e9 deber\u00eda contratar a Rodriguez Law Firm? Hay tres razones principales por las que podemos obtener la m\u00e1xima compensaci\u00f3n para las v\u00edctimas de accidentes automovil\u00edsticos. Las veremos a continuaci\u00f3n.  <\/p>\n\n<h3 class=\"wp-block-heading\">1. Los accidentes de auto son el 99,99% de lo que hacemos<\/h3>\n\n<p>En Rodriguez Law Firm, nos centramos exclusivamente en casos de accidentes de carro en Virginia, Maryland, Washington D.C. y Texas; esto incluye accidentes automovil\u00edsticos, accidentes de camiones, motocicletas, accidentes de peatones y cualquier accidente que involucre un veh\u00edculo motorizado.<\/p>\n\n<p>Esta dedicaci\u00f3n significa que tenemos mucha experiencia en el trato con las compa\u00f1\u00edas de seguros y sabemos c\u00f3mo maximizar su reclamaci\u00f3n de compensaci\u00f3n.<\/p>\n\n<h3 class=\"wp-block-heading\">2. Hemos estado en su situaci\u00f3n<\/h3>\n\n<p>Nuestro propietario y socio gerente <a href=\"https:\/\/rodriguezlawfirm.com\/es\/abogados\/dagoberto-j-rodriguez\/\">Dagoberto J. Rodr\u00edguez<\/a> quer\u00eda convertirse en abogado de lesiones personales despu\u00e9s de que su caso fuera rechazado. Despu\u00e9s de huir de Venezuela cuando era un joven adulto, Dagoberto encontr\u00f3 un trabajo como trabajador de la construcci\u00f3n en los Estados Unidos.<\/p>\n\n<p>Seg\u00fan cuenta Dagoberto en este <a href=\"https:\/\/www.instagram.com\/p\/DM_cRNgI3DU\/\">v\u00eddeo<\/a>, sufri\u00f3 lesiones en un accidente automovil\u00edstico y no sab\u00eda a d\u00f3nde recurrir porque no pod\u00eda pagar el tratamiento m\u00e9dico. Un bufete de abogados se neg\u00f3 a hacerse cargo de su caso porque, a pesar de que la otra parte claramente ten\u00eda la culpa, la posible reclamaci\u00f3n de indemnizaci\u00f3n era \u201cpeque\u00f1a\u201d y, por lo tanto, ofrec\u00eda poca recompensa financiera. Era un inmigrante y se sent\u00eda aprovechado tanto por el conductor culpable como por las compa\u00f1\u00edas de seguros.<\/p>\n\n<p>Desafortunadamente, como se cuenta en esta <a href=\"https:\/\/medium.com\/@Florence_Stewart\/pursuing-passion-how-dagoberto-rodriguez-became-a-personal-injury-lawyer-418497fb3b1d\">entrevista<\/a>, Dagoberto perdi\u00f3 el dinero que estaba ahorrando para pagar una educaci\u00f3n con el fin de reparar su veh\u00edculo, conseguir un coche de alquiler y pagar los deducibles del seguro.<\/p>\n\n<p>Dagoberto pudo recuperar sus ahorros y, finalmente, cursar la facultad de derecho y aprobar el examen de la barra en 2011. Como resultado de sus experiencias, Rodriguez Law Firm promete asumir todos los casos, grandes y peque\u00f1os, independientemente de su situaci\u00f3n financiera, estado laboral o estado migratorio. <\/p>\n\n<p>Dagoberto ofrece regularmente asesoramiento legal gratuito en eventos comunitarios en Virginia y el DMV.<\/p>\n\n<h3 class=\"wp-block-heading\">3. Contamos con la confianza de m\u00e1s de 1,100 rese\u00f1as en l\u00ednea<\/h3>\n\n<p>Rodriguez Law Firm es uno de los abogados de accidentes de carro mejor calificados en el norte de Virginia, el DMV y las \u00e1reas de Texas con m\u00e1s de 1,100 rese\u00f1as de cinco estrellas en l\u00ednea. <\/p>\n\n<p>Hay cientos de bufetes de abogados en las cercan\u00edas de nuestras cuatro oficinas. Pero muy pocos pueden mantener una s\u00f3lida reputaci\u00f3n al atender a tantos clientes. La gran concentraci\u00f3n de Rodriguez Law Firm en accidentes automovil\u00edsticos, junto con nuestro compromiso de ayudar en cada caso, sin importar cu\u00e1n peque\u00f1o sea, significa que somos uno de los bufetes de abogados de lesiones personales m\u00e1s confiables que cubren Manassas, Tysons, Wheaton y Austin, Texas.  <\/p>\n\n<h3 class=\"wp-block-heading\"><strong>Expansi\u00f3n de nuestra empresa<\/strong><\/h3>\n\n<p>Rodriguez Law Firm comenz\u00f3 como un peque\u00f1o bufete de abogados de lesiones personales en nuestra oficina central en <a href=\"https:\/\/rodriguezlawfirm.com\/offices\/manassas\/\">Manassas<\/a>, VA. Despu\u00e9s de a\u00f1os de brindar a nuestros valiosos clientes asistencia en casos de lesiones personales y accidentes automovil\u00edsticos y ayuda legal experta, pronto nos expandimos a <a href=\"https:\/\/rodriguezlawfirm.com\/offices\/fairfax\/\">Tysons<\/a> (VA), <a href=\"https:\/\/rodriguezlawfirm.com\/offices\/wheaton\/\">Wheaton<\/a> (MD) y <a href=\"https:\/\/rodriguezlawfirm.com\/offices\/austin\/\">Austin<\/a> (TX), al mismo tiempo que obtuvimos la licencia en Washington D.C. <\/p>\n\n<p>Con una gran cantidad de bufetes de abogados que prestan servicios en el norte de Virginia, Maryland y Texas, muy pocos pueden respaldar las reclamaciones con resultados comprobados. En Rodriguez Law Firm, nos apasiona abordar las necesidades de nuestros clientes con el m\u00e1ximo respeto y profesionalismo. Nuestro desempe\u00f1o legal y los valiosos testimonios de los clientes son indicativos de los altos est\u00e1ndares de servicio que seguimos brindando, sin importar cu\u00e1n peque\u00f1o o cu\u00e1n grande sea su caso de lesiones personales.  <\/p>\n\n<p>Debido a la naturaleza delicada de los casos de lesiones personales, Rodriguez Law Firm ha desarrollado un enfoque \u00fanico en el que las necesidades del cliente siempre se colocan en primer lugar. Queremos que cada cliente se beneficie de nuestros servicios, soluciones y apoyo en materia de lesiones personales. <\/p>\n\n<p><\/p>\n","protected":false},"excerpt":{"rendered":"<p>Rodriguez Law Firm ha recibido m\u00e1s de 1,100 rese\u00f1as de cinco estrellas en l\u00ednea por nuestra representaci\u00f3n legal de v\u00edctimas de accidentes automovil\u00edsticos en Virginia, Maryland, Washington DC y Texas.<\/p>\n","protected":false},"author":1,"featured_media":0,"parent":0,"menu_order":0,"comment_status":"closed","ping_status":"closed","template":"","meta":{"footnotes":""},"class_list":["post-1510","page","type-page","status-publish","hentry"],"aioseo_notices":[],"aioseo_head":"\n\t\t<!-- All in One SEO Pro 4.9.5.2 - aioseo.com -->\n\t<meta name=\"description\" content=\"Rodriguez Law Firm ha recibido m\u00e1s de 750 rese\u00f1as de cinco estrellas en l\u00ednea por nuestra ayuda para asegurar compensaciones para las v\u00edctimas de accidentes de carro en Virginia, Maryland, Washington DC y Texas.\" \/>\n\t<meta name=\"robots\" content=\"max-image-preview:large\" \/>\n\t<link rel=\"canonical\" href=\"https:\/\/rodriguezlawfirm.com\/es\/sobre-nosotros\/\" \/>\n\t<meta name=\"generator\" content=\"All in One SEO Pro (AIOSEO) 4.9.5.2\" \/>\n\t\t<meta property=\"og:locale\" content=\"es_MX\" \/>\n\t\t<meta property=\"og:site_name\" content=\"Rodriguez Law Firm | Car Accident Lawyer\" \/>\n\t\t<meta property=\"og:type\" content=\"article\" \/>\n\t\t<meta property=\"og:title\" content=\"Acerca de Rodriguez Law Firm | Rodriguez Law Firm\" \/>\n\t\t<meta property=\"og:description\" content=\"Rodriguez Law Firm ha recibido m\u00e1s de 750 rese\u00f1as de cinco estrellas en l\u00ednea por nuestra ayuda para asegurar compensaciones para las v\u00edctimas de accidentes de carro en Virginia, Maryland, Washington DC y Texas.\" \/>\n\t\t<meta property=\"og:url\" content=\"https:\/\/rodriguezlawfirm.com\/es\/sobre-nosotros\/\" \/>\n\t\t<meta property=\"article:published_time\" content=\"2025-11-19T02:34:11+00:00\" \/>\n\t\t<meta property=\"article:modified_time\" content=\"2026-02-03T10:18:47+00:00\" \/>\n\t\t<meta name=\"twitter:card\" content=\"summary_large_image\" \/>\n\t\t<meta name=\"twitter:title\" content=\"Acerca de Rodriguez Law Firm | Rodriguez Law Firm\" \/>\n\t\t<meta name=\"twitter:description\" content=\"Rodriguez Law Firm ha recibido m\u00e1s de 750 rese\u00f1as de cinco estrellas en l\u00ednea por nuestra ayuda para asegurar compensaciones para las v\u00edctimas de accidentes de carro en Virginia, Maryland, Washington DC y Texas.\" \/>\n\t\t<script type=\"application\/ld+json\" class=\"aioseo-schema\">\n\t\t\t{\"@context\":\"https:\\\/\\\/schema.org\",\"@graph\":[{\"@type\":\"BreadcrumbList\",\"@id\":\"https:\\\/\\\/rodriguezlawfirm.com\\\/es\\\/sobre-nosotros\\\/#breadcrumblist\",\"itemListElement\":[{\"@type\":\"ListItem\",\"@id\":\"https:\\\/\\\/rodriguezlawfirm.com\\\/es\\\/#listItem\",\"position\":1,\"name\":\"Home\",\"item\":\"https:\\\/\\\/rodriguezlawfirm.com\\\/es\\\/\",\"nextItem\":{\"@type\":\"ListItem\",\"@id\":\"https:\\\/\\\/rodriguezlawfirm.com\\\/es\\\/sobre-nosotros\\\/#listItem\",\"name\":\"Acerca de Rodriguez Law Firm\"}},{\"@type\":\"ListItem\",\"@id\":\"https:\\\/\\\/rodriguezlawfirm.com\\\/es\\\/sobre-nosotros\\\/#listItem\",\"position\":2,\"name\":\"Acerca de Rodriguez Law Firm\",\"previousItem\":{\"@type\":\"ListItem\",\"@id\":\"https:\\\/\\\/rodriguezlawfirm.com\\\/es\\\/#listItem\",\"name\":\"Home\"}}]},{\"@type\":\"Organization\",\"@id\":\"https:\\\/\\\/rodriguezlawfirm.com\\\/es\\\/#organization\",\"name\":\"Rodriguez Law Firm\",\"description\":\"Car Accident Lawyer\",\"url\":\"https:\\\/\\\/rodriguezlawfirm.com\\\/es\\\/\"},{\"@type\":\"WebPage\",\"@id\":\"https:\\\/\\\/rodriguezlawfirm.com\\\/es\\\/sobre-nosotros\\\/#webpage\",\"url\":\"https:\\\/\\\/rodriguezlawfirm.com\\\/es\\\/sobre-nosotros\\\/\",\"name\":\"Acerca de Rodriguez Law Firm | Rodriguez Law Firm\",\"description\":\"Rodriguez Law Firm ha recibido m\\u00e1s de 750 rese\\u00f1as de cinco estrellas en l\\u00ednea por nuestra ayuda para asegurar compensaciones para las v\\u00edctimas de accidentes de carro en Virginia, Maryland, Washington DC y Texas.\",\"inLanguage\":\"es-MX\",\"isPartOf\":{\"@id\":\"https:\\\/\\\/rodriguezlawfirm.com\\\/es\\\/#website\"},\"breadcrumb\":{\"@id\":\"https:\\\/\\\/rodriguezlawfirm.com\\\/es\\\/sobre-nosotros\\\/#breadcrumblist\"},\"datePublished\":\"2025-11-18T21:34:11-05:00\",\"dateModified\":\"2026-02-03T05:18:47-05:00\"},{\"@type\":\"WebSite\",\"@id\":\"https:\\\/\\\/rodriguezlawfirm.com\\\/es\\\/#website\",\"url\":\"https:\\\/\\\/rodriguezlawfirm.com\\\/es\\\/\",\"name\":\"Rodriguez Law Firm\",\"description\":\"Car Accident Lawyer\",\"inLanguage\":\"es-MX\",\"publisher\":{\"@id\":\"https:\\\/\\\/rodriguezlawfirm.com\\\/es\\\/#organization\"}}]}\n\t\t<\/script>\n\t\t<!-- All in One SEO Pro -->\r\n\t\t<title>Acerca de Rodriguez Law Firm | Rodriguez Law Firm<\/title>\n\n","aioseo_head_json":{"title":"Acerca de Rodriguez Law Firm | Rodriguez Law Firm","description":"Rodriguez Law Firm ha recibido m\u00e1s de 750 rese\u00f1as de cinco estrellas en l\u00ednea por nuestra ayuda para asegurar compensaciones para las v\u00edctimas de accidentes de carro en Virginia, Maryland, Washington DC y Texas.","canonical_url":"https:\/\/rodriguezlawfirm.com\/es\/sobre-nosotros\/","robots":"max-image-preview:large","keywords":"","webmasterTools":{"miscellaneous":""},"schema":{"@context":"https:\/\/schema.org","@graph":[{"@type":"BreadcrumbList","@id":"https:\/\/rodriguezlawfirm.com\/es\/sobre-nosotros\/#breadcrumblist","itemListElement":[{"@type":"ListItem","@id":"https:\/\/rodriguezlawfirm.com\/es\/#listItem","position":1,"name":"Home","item":"https:\/\/rodriguezlawfirm.com\/es\/","nextItem":{"@type":"ListItem","@id":"https:\/\/rodriguezlawfirm.com\/es\/sobre-nosotros\/#listItem","name":"Acerca de Rodriguez Law Firm"}},{"@type":"ListItem","@id":"https:\/\/rodriguezlawfirm.com\/es\/sobre-nosotros\/#listItem","position":2,"name":"Acerca de Rodriguez Law Firm","previousItem":{"@type":"ListItem","@id":"https:\/\/rodriguezlawfirm.com\/es\/#listItem","name":"Home"}}]},{"@type":"Organization","@id":"https:\/\/rodriguezlawfirm.com\/es\/#organization","name":"Rodriguez Law Firm","description":"Car Accident Lawyer","url":"https:\/\/rodriguezlawfirm.com\/es\/"},{"@type":"WebPage","@id":"https:\/\/rodriguezlawfirm.com\/es\/sobre-nosotros\/#webpage","url":"https:\/\/rodriguezlawfirm.com\/es\/sobre-nosotros\/","name":"Acerca de Rodriguez Law Firm | Rodriguez Law Firm","description":"Rodriguez Law Firm ha recibido m\u00e1s de 750 rese\u00f1as de cinco estrellas en l\u00ednea por nuestra ayuda para asegurar compensaciones para las v\u00edctimas de accidentes de carro en Virginia, Maryland, Washington DC y Texas.","inLanguage":"es-MX","isPartOf":{"@id":"https:\/\/rodriguezlawfirm.com\/es\/#website"},"breadcrumb":{"@id":"https:\/\/rodriguezlawfirm.com\/es\/sobre-nosotros\/#breadcrumblist"},"datePublished":"2025-11-18T21:34:11-05:00","dateModified":"2026-02-03T05:18:47-05:00"},{"@type":"WebSite","@id":"https:\/\/rodriguezlawfirm.com\/es\/#website","url":"https:\/\/rodriguezlawfirm.com\/es\/","name":"Rodriguez Law Firm","description":"Car Accident Lawyer","inLanguage":"es-MX","publisher":{"@id":"https:\/\/rodriguezlawfirm.com\/es\/#organization"}}]},"og:locale":"es_MX","og:site_name":"Rodriguez Law Firm | Car Accident Lawyer","og:type":"article","og:title":"Acerca de Rodriguez Law Firm | Rodriguez Law Firm","og:description":"Rodriguez Law Firm ha recibido m\u00e1s de 750 rese\u00f1as de cinco estrellas en l\u00ednea por nuestra ayuda para asegurar compensaciones para las v\u00edctimas de accidentes de carro en Virginia, Maryland, Washington DC y Texas.","og:url":"https:\/\/rodriguezlawfirm.com\/es\/sobre-nosotros\/","article:published_time":"2025-11-19T02:34:11+00:00","article:modified_time":"2026-02-03T10:18:47+00:00","twitter:card":"summary_large_image","twitter:title":"Acerca de Rodriguez Law Firm | Rodriguez Law Firm","twitter:description":"Rodriguez Law Firm ha recibido m\u00e1s de 750 rese\u00f1as de cinco estrellas en l\u00ednea por nuestra ayuda para asegurar compensaciones para las v\u00edctimas de accidentes de carro en Virginia, Maryland, Washington DC y Texas."},"aioseo_meta_data":{"post_id":"1510","title":null,"description":"Rodriguez Law Firm ha recibido m\u00e1s de 750 rese\u00f1as de cinco estrellas en l\u00ednea por nuestra ayuda para asegurar compensaciones para las v\u00edctimas de accidentes de carro en Virginia, Maryland, Washington DC y Texas.","keywords":null,"keyphrases":{"focus":{"keyphrase":"","score":0,"analysis":{"keyphraseInTitle":{"score":0,"maxScore":9,"error":1}}},"additional":[]},"primary_term":null,"canonical_url":null,"og_title":null,"og_description":null,"og_object_type":"default","og_image_type":"default","og_image_url":null,"og_image_width":null,"og_image_height":null,"og_image_custom_url":null,"og_image_custom_fields":null,"og_video":"","og_custom_url":null,"og_article_section":null,"og_article_tags":null,"twitter_use_og":false,"twitter_card":"default","twitter_image_type":"default","twitter_image_url":null,"twitter_image_custom_url":null,"twitter_image_custom_fields":null,"twitter_title":null,"twitter_description":null,"schema":{"blockGraphs":[],"customGraphs":[],"default":{"data":{"Article":[],"Course":[],"Dataset":[],"FAQPage":[],"Movie":[],"Person":[],"Product":[],"ProductReview":[],"Car":[],"Recipe":[],"Service":[],"SoftwareApplication":[],"WebPage":[]},"graphName":"WebPage","isEnabled":true},"graphs":[]},"schema_type":"default","schema_type_options":null,"pillar_content":false,"robots_default":true,"robots_noindex":false,"robots_noarchive":false,"robots_nosnippet":false,"robots_nofollow":false,"robots_noimageindex":false,"robots_noodp":false,"robots_notranslate":false,"robots_max_snippet":"-1","robots_max_videopreview":"-1","robots_max_imagepreview":"large","priority":null,"frequency":"default","local_seo":null,"seo_analyzer_scan_date":"2026-02-03 10:24:08","breadcrumb_settings":null,"limit_modified_date":false,"reviewed_by":"0","open_ai":null,"ai":{"faqs":[],"keyPoints":[],"titles":[],"descriptions":[],"socialPosts":{"email":[],"linkedin":[],"twitter":[],"facebook":[],"instagram":[]}},"created":"2025-12-07 10:54:36","updated":"2026-02-03 10:24:08"},"aioseo_breadcrumb":"<div class=\"aioseo-breadcrumbs\"><span class=\"aioseo-breadcrumb\">\n\t<a href=\"https:\/\/rodriguezlawfirm.com\/es\/\" title=\"Home\">Home<\/a>\n<\/span><span class=\"aioseo-breadcrumb-separator\">\u00bb<\/span><span class=\"aioseo-breadcrumb\">\n\tAcerca de Rodriguez Law Firm\n<\/span><\/div>","aioseo_breadcrumb_json":[{"label":"Home","link":"https:\/\/rodriguezlawfirm.com\/es\/"},{"label":"Acerca de Rodriguez Law Firm","link":"https:\/\/rodriguezlawfirm.com\/es\/sobre-nosotros\/"}],"_links":{"self":[{"href":"https:\/\/rodriguezlawfirm.com\/es\/wp-json\/wp\/v2\/pages\/1510","targetHints":{"allow":["GET"]}}],"collection":[{"href":"https:\/\/rodriguezlawfirm.com\/es\/wp-json\/wp\/v2\/pages"}],"about":[{"href":"https:\/\/rodriguezlawfirm.com\/es\/wp-json\/wp\/v2\/types\/page"}],"author":[{"embeddable":true,"href":"https:\/\/rodriguezlawfirm.com\/es\/wp-json\/wp\/v2\/users\/1"}],"replies":[{"embeddable":true,"href":"https:\/\/rodriguezlawfirm.com\/es\/wp-json\/wp\/v2\/comments?post=1510"}],"version-history":[{"count":3,"href":"https:\/\/rodriguezlawfirm.com\/es\/wp-json\/wp\/v2\/pages\/1510\/revisions"}],"predecessor-version":[{"id":2504,"href":"https:\/\/rodriguezlawfirm.com\/es\/wp-json\/wp\/v2\/pages\/1510\/revisions\/2504"}],"wp:attachment":[{"href":"https:\/\/rodriguezlawfirm.com\/es\/wp-json\/wp\/v2\/media?parent=1510"}],"curies":[{"name":"wp","href":"https:\/\/api.w.org\/{rel}","templated":true}]}}