{"id":1513,"date":"2025-11-18T21:24:51","date_gmt":"2025-11-19T02:24:51","guid":{"rendered":"https:\/\/steelblue-aardvark-521299.hostingersite.com\/honorarios-legales\/"},"modified":"2025-12-19T14:25:42","modified_gmt":"2025-12-19T19:25:42","slug":"honorarios-legales","status":"publish","type":"page","link":"https:\/\/rodriguezlawfirm.com\/es\/honorarios-legales\/","title":{"rendered":"Honorarios legales"},"content":{"rendered":"\n<h3 class=\"wp-block-heading\"><strong>Nuestra promesa de \u201cSi no ganamos, no cobramos\u201d<\/strong><\/h3>\n\n<p>En Rodriguez Law Firm, no cobramos honorarios legales por adelantado. Y si no ganamos su caso, no nos debe nada.  <\/p>\n\n<p>Esto es parte de nuestra promesa \u201cSi no gana, no paga\u201d, que tiene como objetivo ayudar a cualquier persona en Virginia, Maryland, Washington D.C. y Texas a contratar a uno de <a href=\"https:\/\/rodriguezlawfirm.com\/our-lawyers\/\">nuestros abogados<\/a>, sin preocuparse por los costos legales. Como resultado, hemos ayudado a miles de clientes sin importar su situaci\u00f3n financiera, estado laboral o estado migratorio.<\/p>\n\n<p>Creemos que nuestro compromiso con \u201cSi no ganamos, no cobramos\u201d tambi\u00e9n nos ha ayudado a recibir m\u00e1s de 1,100 rese\u00f1as y <a href=\"https:\/\/rodriguezlawfirm.com\/reviews\/\">testimonios<\/a> de cinco estrellas en l\u00ednea.<\/p>\n\n<h4 class=\"wp-block-heading\"><strong>C\u00f3mo funcionan honorarios de contingencia<\/strong><\/h4>\n\n<p>En Estados Unidos, los honorarios de contingencia para un accidente de carro suele ser del 33-40% de su reclamaci\u00f3n total. Si es probable que un caso vaya a juicio, algunos abogados de accidentes de carro cobrar\u00e1n entre el 40 y el 50%.  La cantidad adicional ayuda a su abogado a conseguir testigos m\u00e9dicos expertos, presentar citaciones y representarle ante el tribunal.<\/p>\n\n<p>Pero, desafortunadamente, algunos abogados le cobrar\u00e1n sus gastos adem\u00e1s de los honorarios de contingencia, sin dejar esto claro al principio.<\/p>\n\n<p>No creemos que eso sea justo. En Rodriguez Law Firm, su acuerdo es simple y transparente: sin gastos a\u00f1adidos, sin cargos ocultos. Esto se indicar\u00e1 claramente en la primera cl\u00e1usula del contrato que firme cuando contrate a uno de <a href=\"https:\/\/rodriguezlawfirm.com\/our-lawyers\/\">nuestros abogados<\/a> para que le represente.  <\/p>\n\n<p>Las tarifas de contingencia del Bufete de Abogados Rodriguez est\u00e1n en el extremo inferior del rango de lo que cobran los abogados de accidentes de carro. Para obtener una consulta gratuita sobre su caso, <a href=\"https:\/\/rodriguezlawfirm.com\/es\/contacto\/\">cont\u00e1ctenos<\/a> hoy mismo. <\/p>\n\n<p><\/p>\n","protected":false},"excerpt":{"rendered":"<p>En Rodriguez Law Firm trabajamos con la promesa de \u201cSi no ganamos, no cobramos\u201d, lo que significa que no paga honorarios legales por adelantado por nuestros servicios en Virginia, Maryland, Washington DC y Texas. <\/p>\n","protected":false},"author":1,"featured_media":0,"parent":0,"menu_order":0,"comment_status":"closed","ping_status":"closed","template":"","meta":{"footnotes":""},"class_list":["post-1513","page","type-page","status-publish","hentry"],"aioseo_notices":[],"aioseo_head":"\n\t\t<!-- All in One SEO Pro 4.9.5.2 - aioseo.com -->\n\t<meta name=\"description\" content=\"En Rodriguez Law Firm trabajamos con la promesa de \u201cSi no ganamos, no cobramos\u201d, lo que significa que no paga honorarios legales por adelantado por nuestros servicios en Virginia, Maryland, Washington DC y Texas.\" \/>\n\t<meta name=\"robots\" content=\"max-image-preview:large\" \/>\n\t<link rel=\"canonical\" href=\"https:\/\/rodriguezlawfirm.com\/es\/honorarios-legales\/\" \/>\n\t<meta name=\"generator\" content=\"All in One SEO Pro (AIOSEO) 4.9.5.2\" \/>\n\t\t<meta property=\"og:locale\" content=\"es_MX\" \/>\n\t\t<meta property=\"og:site_name\" content=\"Rodriguez Law Firm | Car Accident Lawyer\" \/>\n\t\t<meta property=\"og:type\" content=\"article\" \/>\n\t\t<meta property=\"og:title\" content=\"Honorarios legales | Rodriguez Law Firm\" \/>\n\t\t<meta property=\"og:description\" content=\"En Rodriguez Law Firm trabajamos con la promesa de \u201cSi no ganamos, no cobramos\u201d, lo que significa que no paga honorarios legales por adelantado por nuestros servicios en Virginia, Maryland, Washington DC y Texas.\" \/>\n\t\t<meta property=\"og:url\" content=\"https:\/\/rodriguezlawfirm.com\/es\/honorarios-legales\/\" \/>\n\t\t<meta property=\"article:published_time\" content=\"2025-11-19T02:24:51+00:00\" \/>\n\t\t<meta property=\"article:modified_time\" content=\"2025-12-19T19:25:42+00:00\" \/>\n\t\t<meta name=\"twitter:card\" content=\"summary_large_image\" \/>\n\t\t<meta name=\"twitter:title\" content=\"Honorarios legales | Rodriguez Law Firm\" \/>\n\t\t<meta name=\"twitter:description\" content=\"En Rodriguez Law Firm trabajamos con la promesa de \u201cSi no ganamos, no cobramos\u201d, lo que significa que no paga honorarios legales por adelantado por nuestros servicios en Virginia, Maryland, Washington DC y Texas.\" \/>\n\t\t<script type=\"application\/ld+json\" class=\"aioseo-schema\">\n\t\t\t{\"@context\":\"https:\\\/\\\/schema.org\",\"@graph\":[{\"@type\":\"BreadcrumbList\",\"@id\":\"https:\\\/\\\/rodriguezlawfirm.com\\\/es\\\/honorarios-legales\\\/#breadcrumblist\",\"itemListElement\":[{\"@type\":\"ListItem\",\"@id\":\"https:\\\/\\\/rodriguezlawfirm.com\\\/es\\\/#listItem\",\"position\":1,\"name\":\"Home\",\"item\":\"https:\\\/\\\/rodriguezlawfirm.com\\\/es\\\/\",\"nextItem\":{\"@type\":\"ListItem\",\"@id\":\"https:\\\/\\\/rodriguezlawfirm.com\\\/es\\\/honorarios-legales\\\/#listItem\",\"name\":\"Honorarios legales\"}},{\"@type\":\"ListItem\",\"@id\":\"https:\\\/\\\/rodriguezlawfirm.com\\\/es\\\/honorarios-legales\\\/#listItem\",\"position\":2,\"name\":\"Honorarios legales\",\"previousItem\":{\"@type\":\"ListItem\",\"@id\":\"https:\\\/\\\/rodriguezlawfirm.com\\\/es\\\/#listItem\",\"name\":\"Home\"}}]},{\"@type\":\"Organization\",\"@id\":\"https:\\\/\\\/rodriguezlawfirm.com\\\/es\\\/#organization\",\"name\":\"Rodriguez Law Firm\",\"description\":\"Car Accident Lawyer\",\"url\":\"https:\\\/\\\/rodriguezlawfirm.com\\\/es\\\/\"},{\"@type\":\"WebPage\",\"@id\":\"https:\\\/\\\/rodriguezlawfirm.com\\\/es\\\/honorarios-legales\\\/#webpage\",\"url\":\"https:\\\/\\\/rodriguezlawfirm.com\\\/es\\\/honorarios-legales\\\/\",\"name\":\"Honorarios legales | Rodriguez Law Firm\",\"description\":\"En Rodriguez Law Firm trabajamos con la promesa de \\u201cSi no ganamos, no cobramos\\u201d, lo que significa que no paga honorarios legales por adelantado por nuestros servicios en Virginia, Maryland, Washington DC y Texas.\",\"inLanguage\":\"es-MX\",\"isPartOf\":{\"@id\":\"https:\\\/\\\/rodriguezlawfirm.com\\\/es\\\/#website\"},\"breadcrumb\":{\"@id\":\"https:\\\/\\\/rodriguezlawfirm.com\\\/es\\\/honorarios-legales\\\/#breadcrumblist\"},\"datePublished\":\"2025-11-18T21:24:51-05:00\",\"dateModified\":\"2025-12-19T14:25:42-05:00\"},{\"@type\":\"WebSite\",\"@id\":\"https:\\\/\\\/rodriguezlawfirm.com\\\/es\\\/#website\",\"url\":\"https:\\\/\\\/rodriguezlawfirm.com\\\/es\\\/\",\"name\":\"Rodriguez Law Firm\",\"description\":\"Car Accident Lawyer\",\"inLanguage\":\"es-MX\",\"publisher\":{\"@id\":\"https:\\\/\\\/rodriguezlawfirm.com\\\/es\\\/#organization\"}}]}\n\t\t<\/script>\n\t\t<!-- All in One SEO Pro -->\r\n\t\t<title>Honorarios legales | Rodriguez Law Firm<\/title>\n\n","aioseo_head_json":{"title":"Honorarios legales | Rodriguez Law Firm","description":"En Rodriguez Law Firm trabajamos con la promesa de \u201cSi no ganamos, no cobramos\u201d, lo que significa que no paga honorarios legales por adelantado por nuestros servicios en Virginia, Maryland, Washington DC y Texas.","canonical_url":"https:\/\/rodriguezlawfirm.com\/es\/honorarios-legales\/","robots":"max-image-preview:large","keywords":"","webmasterTools":{"miscellaneous":""},"schema":{"@context":"https:\/\/schema.org","@graph":[{"@type":"BreadcrumbList","@id":"https:\/\/rodriguezlawfirm.com\/es\/honorarios-legales\/#breadcrumblist","itemListElement":[{"@type":"ListItem","@id":"https:\/\/rodriguezlawfirm.com\/es\/#listItem","position":1,"name":"Home","item":"https:\/\/rodriguezlawfirm.com\/es\/","nextItem":{"@type":"ListItem","@id":"https:\/\/rodriguezlawfirm.com\/es\/honorarios-legales\/#listItem","name":"Honorarios legales"}},{"@type":"ListItem","@id":"https:\/\/rodriguezlawfirm.com\/es\/honorarios-legales\/#listItem","position":2,"name":"Honorarios legales","previousItem":{"@type":"ListItem","@id":"https:\/\/rodriguezlawfirm.com\/es\/#listItem","name":"Home"}}]},{"@type":"Organization","@id":"https:\/\/rodriguezlawfirm.com\/es\/#organization","name":"Rodriguez Law Firm","description":"Car Accident Lawyer","url":"https:\/\/rodriguezlawfirm.com\/es\/"},{"@type":"WebPage","@id":"https:\/\/rodriguezlawfirm.com\/es\/honorarios-legales\/#webpage","url":"https:\/\/rodriguezlawfirm.com\/es\/honorarios-legales\/","name":"Honorarios legales | Rodriguez Law Firm","description":"En Rodriguez Law Firm trabajamos con la promesa de \u201cSi no ganamos, no cobramos\u201d, lo que significa que no paga honorarios legales por adelantado por nuestros servicios en Virginia, Maryland, Washington DC y Texas.","inLanguage":"es-MX","isPartOf":{"@id":"https:\/\/rodriguezlawfirm.com\/es\/#website"},"breadcrumb":{"@id":"https:\/\/rodriguezlawfirm.com\/es\/honorarios-legales\/#breadcrumblist"},"datePublished":"2025-11-18T21:24:51-05:00","dateModified":"2025-12-19T14:25:42-05:00"},{"@type":"WebSite","@id":"https:\/\/rodriguezlawfirm.com\/es\/#website","url":"https:\/\/rodriguezlawfirm.com\/es\/","name":"Rodriguez Law Firm","description":"Car Accident Lawyer","inLanguage":"es-MX","publisher":{"@id":"https:\/\/rodriguezlawfirm.com\/es\/#organization"}}]},"og:locale":"es_MX","og:site_name":"Rodriguez Law Firm | Car Accident Lawyer","og:type":"article","og:title":"Honorarios legales | Rodriguez Law Firm","og:description":"En Rodriguez Law Firm trabajamos con la promesa de \u201cSi no ganamos, no cobramos\u201d, lo que significa que no paga honorarios legales por adelantado por nuestros servicios en Virginia, Maryland, Washington DC y Texas.","og:url":"https:\/\/rodriguezlawfirm.com\/es\/honorarios-legales\/","article:published_time":"2025-11-19T02:24:51+00:00","article:modified_time":"2025-12-19T19:25:42+00:00","twitter:card":"summary_large_image","twitter:title":"Honorarios legales | Rodriguez Law Firm","twitter:description":"En Rodriguez Law Firm trabajamos con la promesa de \u201cSi no ganamos, no cobramos\u201d, lo que significa que no paga honorarios legales por adelantado por nuestros servicios en Virginia, Maryland, Washington DC y Texas."},"aioseo_meta_data":{"post_id":"1513","title":null,"description":null,"keywords":null,"keyphrases":{"focus":{"keyphrase":"","score":0,"analysis":{"keyphraseInTitle":{"score":0,"maxScore":9,"error":1}}},"additional":[]},"primary_term":null,"canonical_url":null,"og_title":null,"og_description":null,"og_object_type":"default","og_image_type":"default","og_image_url":null,"og_image_width":null,"og_image_height":null,"og_image_custom_url":null,"og_image_custom_fields":null,"og_video":"","og_custom_url":null,"og_article_section":null,"og_article_tags":null,"twitter_use_og":false,"twitter_card":"default","twitter_image_type":"default","twitter_image_url":null,"twitter_image_custom_url":null,"twitter_image_custom_fields":null,"twitter_title":null,"twitter_description":null,"schema":{"blockGraphs":[],"customGraphs":[],"default":{"data":{"Article":[],"Course":[],"Dataset":[],"FAQPage":[],"Movie":[],"Person":[],"Product":[],"ProductReview":[],"Car":[],"Recipe":[],"Service":[],"SoftwareApplication":[],"WebPage":[]},"graphName":"WebPage","isEnabled":true},"graphs":[]},"schema_type":"default","schema_type_options":null,"pillar_content":false,"robots_default":true,"robots_noindex":false,"robots_noarchive":false,"robots_nosnippet":false,"robots_nofollow":false,"robots_noimageindex":false,"robots_noodp":false,"robots_notranslate":false,"robots_max_snippet":"-1","robots_max_videopreview":"-1","robots_max_imagepreview":"large","priority":null,"frequency":"default","local_seo":null,"seo_analyzer_scan_date":"2025-12-16 01:57:47","breadcrumb_settings":null,"limit_modified_date":false,"reviewed_by":"0","open_ai":null,"ai":{"faqs":[],"keyPoints":[],"titles":[],"descriptions":[],"socialPosts":{"email":[],"linkedin":[],"twitter":[],"facebook":[],"instagram":[]}},"created":"2025-12-07 11:04:47","updated":"2025-12-19 19:36:00"},"aioseo_breadcrumb":"<div class=\"aioseo-breadcrumbs\"><span class=\"aioseo-breadcrumb\">\n\t<a href=\"https:\/\/rodriguezlawfirm.com\/es\/\" title=\"Home\">Home<\/a>\n<\/span><span class=\"aioseo-breadcrumb-separator\">\u00bb<\/span><span class=\"aioseo-breadcrumb\">\n\tHonorarios legales\n<\/span><\/div>","aioseo_breadcrumb_json":[{"label":"Home","link":"https:\/\/rodriguezlawfirm.com\/es\/"},{"label":"Honorarios legales","link":"https:\/\/rodriguezlawfirm.com\/es\/honorarios-legales\/"}],"_links":{"self":[{"href":"https:\/\/rodriguezlawfirm.com\/es\/wp-json\/wp\/v2\/pages\/1513","targetHints":{"allow":["GET"]}}],"collection":[{"href":"https:\/\/rodriguezlawfirm.com\/es\/wp-json\/wp\/v2\/pages"}],"about":[{"href":"https:\/\/rodriguezlawfirm.com\/es\/wp-json\/wp\/v2\/types\/page"}],"author":[{"embeddable":true,"href":"https:\/\/rodriguezlawfirm.com\/es\/wp-json\/wp\/v2\/users\/1"}],"replies":[{"embeddable":true,"href":"https:\/\/rodriguezlawfirm.com\/es\/wp-json\/wp\/v2\/comments?post=1513"}],"version-history":[{"count":2,"href":"https:\/\/rodriguezlawfirm.com\/es\/wp-json\/wp\/v2\/pages\/1513\/revisions"}],"predecessor-version":[{"id":2330,"href":"https:\/\/rodriguezlawfirm.com\/es\/wp-json\/wp\/v2\/pages\/1513\/revisions\/2330"}],"wp:attachment":[{"href":"https:\/\/rodriguezlawfirm.com\/es\/wp-json\/wp\/v2\/media?parent=1513"}],"curies":[{"name":"wp","href":"https:\/\/api.w.org\/{rel}","templated":true}]}}