{"id":1515,"date":"2025-11-18T21:38:09","date_gmt":"2025-11-19T02:38:09","guid":{"rendered":"https:\/\/steelblue-aardvark-521299.hostingersite.com\/acerca-de-rodriguez-law-firm\/abogado-de-lesiones-personales-de-habla-hispana-mas-de-750-resenas-de-cinco-estrellas\/"},"modified":"2026-03-08T13:21:45","modified_gmt":"2026-03-08T17:21:45","slug":"abogado-latino-para-accidentes-de-auto","status":"publish","type":"page","link":"https:\/\/rodriguezlawfirm.com\/es\/sobre-nosotros\/abogado-latino-para-accidentes-de-auto\/","title":{"rendered":"Abogado latino para accidentes de auto"},"content":{"rendered":"\n<h2 class=\"wp-block-heading\"><strong>Rodriguez Law Firm: m\u00e1s de 1,100 rese\u00f1as en l\u00ednea de cinco estrellas<\/strong><\/h2>\n\n\n\n<p>Las lesiones y los da\u00f1os materiales causados por un accidente de auto son mucho con lo que lidiar. Pero, \u00bfse imagina intentar gestionar m\u00e9dicos, compa\u00f1\u00edas de seguros e indemnizaciones cuando el ingl\u00e9s no es su lengua materna?  <\/p>\n\n\n\n<p>Lamentablemente, escuchamos que muchos latinos sienten que las compa\u00f1\u00edas de seguros se aprovechan de ellos.<\/p>\n\n\n\n<p>En los peores casos, se le presiona para que renuncie a sus derechos a la indemnizaci\u00f3n que merece, sin que usted se d\u00e9 cuenta de lo que est\u00e1 sucediendo.<\/p>\n\n\n\n<p>Por este motivo, es importante trabajar con un abogado de accidentes de auto latino y de habla hispana.<\/p>\n\n\n\n<h3 class=\"wp-block-heading\"><strong>Acerca de Dagoberto J. Rodriguez<\/strong><\/h3>\n\n\n\n<p><a href=\"https:\/\/rodriguezlawfirm.com\/es\/abogados\/dagoberto-j-rodriguez\/\" title=\"Dagoberto J. Rodriguez\">Dagoberto J. Rodriguez<\/a> es un abogado biling\u00fce de lesiones personales nacido en Caracas, Venezuela, y propietario de <a href=\"https:\/\/rodriguezlawfirm.com\/es\/\" title=\"Rodriguez Law Firm \u2013 abrir formulario \u2013 colores\">Rodriguez Law Firm<\/a>. Habla espa\u00f1ol e ingl\u00e9s con fluidez y est\u00e1 habilitado para ejercer el derecho de lesiones personales en Virginia, Maryland, Washington D.C. y Texas. <\/p>\n\n\n\n<p>Desde que fund\u00f3 Rodriguez Law Firm en 2018, ha ayudado a latinos a recuperar millones de d\u00f3lares en compensaci\u00f3n despu\u00e9s de accidentes que no fueron su culpa. Sus <a href=\"https:\/\/rodriguezlawfirm.com\/es\/veredictos-y-acuerdos\/\" title=\"Veredictos y acuerdos\">resultados de casos<\/a> oscilan entre $10.000 y m\u00e1s de $1 mill\u00f3n y su especialidad son los accidentes de carro. <\/p>\n\n\n\n<p>Pero esa no es la \u00fanica raz\u00f3n por la que Rodriguez Law Firm ha recibido m\u00e1s de <a href=\"https:\/\/maps.app.goo.gl\/KYu9up8B4rkMHxhn6\" target=\"_blank\" rel=\"noopener\" title=\"\">1,100+ rese\u00f1as de cinco estrellas<\/a>.<\/p>\n\n\n\n<h4 class=\"wp-block-heading\">Abogados de accidentes latinos: nuestra promesa<\/h4>\n\n\n\n<p>Dagoberto J. Rodriguez emigr\u00f3 a los Estados Unidos cuando era joven y sufri\u00f3 lesiones en un accidente mientras trabajaba en la construcci\u00f3n. Su caso fue rechazado por un conocido bufete de abogados de lesiones personales porque era \u201cdemasiado peque\u00f1o\u201d y porque Dagoberto era un hablante nativo de espa\u00f1ol. <\/p>\n\n\n\n<p>Desde esta experiencia, Dagoberto ahorr\u00f3 para pagarse una licenciatura en derecho en el <a href=\"https:\/\/law.ku.edu\/\" target=\"_blank\" rel=\"noopener\" title=\"\">University of Kansas School of Law<\/a>. <\/p>\n\n\n\n<p>Tras fundar Rodriguez Law Firm, se comprometi\u00f3 a ayudar a todas las personas con un caso de lesiones por accidente de tr\u00e1fico, sin importar lo peque\u00f1o que sea ni de d\u00f3nde vengan.<\/p>\n\n\n\n<h2 class=\"wp-block-heading\">Preguntas frecuentes para latinos en accidentes de auto<\/h2>\n\n\n\n<h3 class=\"wp-block-heading\"><strong>\u00bfQu\u00e9 pasa si soy indocumentado?<\/strong><\/h3>\n\n\n\n<p>No importa si no tiene la ciudadan\u00eda estadounidense. Como Dagoberto explic\u00f3 recientemente a sus m\u00e1s de 200 000 seguidores en <a href=\"https:\/\/www.instagram.com\/p\/C9BPfBTOmux\/\">Instagram<\/a>, puede recuperarse despu\u00e9s de un accidente incluso si no tiene documentaci\u00f3n en los Estados Unidos. Siempre y cuando el accidente no haya sido su culpa, seguir\u00e1 estando protegido.  <\/p>\n\n\n\n<p>De hecho, Dagoberto incluso una vez <a href=\"https:\/\/www.instagram.com\/p\/DHCeFnFuu9L\/\" target=\"_blank\" rel=\"noopener\" title=\"\">gan\u00f3 un caso de compensaci\u00f3n<\/a> para un hispanohablante indocumentado que fue golpeado accidentalmente por un veh\u00edculo del Servicio de Inmigraci\u00f3n y Control de Aduanas de los Estados Unidos (ICE). No tiene por qu\u00e9 preocuparse por llamar a la polic\u00eda. A trav\u00e9s de los colaboradores m\u00e9dicos de Rodriguez Law Firm, tambi\u00e9n puede recibir el tratamiento m\u00e9dico que merece.  <\/p>\n\n\n\n<p>Para obtener m\u00e1s informaci\u00f3n, obtenga una <a href=\"https:\/\/rodriguezlawfirm.com\/es\/contacto\/\" title=\"Contacto\">consulta gratuita<\/a>.<\/p>\n\n\n\n<h3 class=\"wp-block-heading\"><strong>\u00bfCu\u00e1nto cuestan los honorarios legales?<\/strong><\/h3>\n\n\n\n<p>Rodriguez Law Firm trabaja con el compromiso de que, si no se gana el caso, no se cobran honorarios. <\/p>\n\n\n\n<p>\u00bfQu\u00e9 significa esto? Significa que si no ganamos su caso, usted no nos debe nada. No tendr\u00e1 costes iniciales para contratarnos como su abogado biling\u00fce. Podr\u00e1 acceder a tratamiento m\u00e9dico y reparaciones del auto, y solo pagar\u00e1 la tarifa acordada despu\u00e9s de recibir su indemnizaci\u00f3n.   <\/p>\n\n\n\n<p>Como Dagoberto explic\u00f3 recientemente al <a href=\"https:\/\/www.instagram.com\/p\/DLTVvxngW6o\/\" target=\"_blank\" rel=\"noopener\" title=\"\">presentador de radio J Molina<\/a>, muchos abogados de lesiones personales en los Estados Unidos acuerdan una tarifa, pero luego incluyen gastos personales y costos ocultos. Nosotros no hacemos eso en Rodriguez Law Firm. Nuestra promesa de agregar cero costos y cargos adicionales est\u00e1 escrita en la primera oraci\u00f3n del acuerdo que firma al contratarnos como su abogado biling\u00fce.  <\/p>\n\n\n\n<h2 class=\"wp-block-heading\"><strong>Las ventajas de un abogado de lesiones por accidente de tr\u00e1fico de habla hispana<\/strong><\/h2>\n\n\n\n<p>Aproximadamente <a href=\"https:\/\/www.speakeasybcn.com\/en\/blog\/how-many-people-in-the-world-speak-spanish\" target=\"_blank\" rel=\"noopener\" title=\"\">65,6 millones de personas<\/a> hablan espa\u00f1ol en los Estados Unidos, y 45,5 millones de personas son hispanohablantes nativos. Si usted o un ser querido son principalmente hispanohablantes, un abogado latino de accidentes de tr\u00e1fico puede brindarle mayor confianza al preparar una reclamaci\u00f3n de indemnizaci\u00f3n. <\/p>\n\n\n\n<p>Para aquellos que hablan espa\u00f1ol como su primer idioma, tener un abogado biling\u00fce ofrece muchas ventajas, tales como:<\/p>\n\n\n\n<ul class=\"wp-block-list\">\n<li>Los abogados biling\u00fces tienen experiencia en la evaluaci\u00f3n y resoluci\u00f3n de cualquier barrera idiom\u00e1tica<\/li>\n\n\n\n<li>Puede comunicarse directamente con usted sobre el caso y los procedimientos legales<\/li>\n\n\n\n<li>Elimina cualquier preocupaci\u00f3n por errores de traducci\u00f3n<\/li>\n\n\n\n<li>Asegura que obtenga la representaci\u00f3n que merece y que comprenda completamente los detalles y procedimientos del caso<\/li>\n\n\n\n<li>Puede comprender el alcance de sus lesiones y preocupaciones<\/li>\n\n\n\n<li>Puede ayudar a cualquier testigo que no hable ingl\u00e9s a responder a las preguntas<\/li>\n\n\n\n<li>Asegura que las preguntas formuladas a sus testigos se transmitan de forma clara y precisa<\/li>\n\n\n\n<li>Puede ayudar a que la comunicaci\u00f3n fluya y evitar confusiones<\/li>\n\n\n\n<li>Asegura que se le retrate en la corte de la manera que pretende<\/li>\n<\/ul>\n","protected":false},"excerpt":{"rendered":"<p>Rodriguez Law Firm es un bufete de abogados de accidentes de auto de habla hispana de primer nivel con m\u00e1s de 1,100 rese\u00f1as de cinco estrellas en l\u00ednea. <\/p>\n","protected":false},"author":1,"featured_media":2163,"parent":1510,"menu_order":0,"comment_status":"closed","ping_status":"closed","template":"","meta":{"footnotes":""},"class_list":["post-1515","page","type-page","status-publish","has-post-thumbnail","hentry"],"aioseo_notices":[],"aioseo_head":"\n\t\t<!-- All in One SEO Pro 4.9.6.2 - aioseo.com -->\n\t<meta name=\"description\" content=\"Rodriguez Law Firm es un bufete de abogados de accidentes de auto de habla hispana que sirve clientes por todo el pa\u00eds. M\u00e1s de 750 rese\u00f1as de cinco estrellas. Solicite una revisi\u00f3n gratuita de su caso.\" \/>\n\t<meta name=\"robots\" content=\"max-image-preview:large\" \/>\n\t<link rel=\"canonical\" href=\"https:\/\/rodriguezlawfirm.com\/es\/sobre-nosotros\/abogado-latino-para-accidentes-de-auto\/\" \/>\n\t<meta name=\"generator\" content=\"All in One SEO Pro (AIOSEO) 4.9.6.2\" \/>\n\t\t<meta property=\"og:locale\" content=\"es_MX\" \/>\n\t\t<meta property=\"og:site_name\" content=\"Rodriguez Law Firm | Car Accident Lawyer\" \/>\n\t\t<meta property=\"og:type\" content=\"article\" \/>\n\t\t<meta property=\"og:title\" content=\"Abogados de accidentes de auto latinos | Rodriguez Law Firm\" \/>\n\t\t<meta property=\"og:description\" content=\"Rodriguez Law Firm es un bufete de abogados de accidentes de auto de habla hispana que sirve clientes por todo el pa\u00eds. M\u00e1s de 750 rese\u00f1as de cinco estrellas. Solicite una revisi\u00f3n gratuita de su caso.\" \/>\n\t\t<meta property=\"og:url\" content=\"https:\/\/rodriguezlawfirm.com\/es\/sobre-nosotros\/abogado-latino-para-accidentes-de-auto\/\" \/>\n\t\t<meta property=\"article:published_time\" content=\"2025-11-19T02:38:09+00:00\" \/>\n\t\t<meta property=\"article:modified_time\" content=\"2026-03-08T17:21:45+00:00\" \/>\n\t\t<meta name=\"twitter:card\" content=\"summary_large_image\" \/>\n\t\t<meta name=\"twitter:title\" content=\"Abogados de accidentes de auto latinos | Rodriguez Law Firm\" \/>\n\t\t<meta name=\"twitter:description\" content=\"Rodriguez Law Firm es un bufete de abogados de accidentes de auto de habla hispana que sirve clientes por todo el pa\u00eds. M\u00e1s de 750 rese\u00f1as de cinco estrellas. Solicite una revisi\u00f3n gratuita de su caso.\" \/>\n\t\t<script type=\"application\/ld+json\" class=\"aioseo-schema\">\n\t\t\t{\"@context\":\"https:\\\/\\\/schema.org\",\"@graph\":[{\"@type\":\"BreadcrumbList\",\"@id\":\"https:\\\/\\\/rodriguezlawfirm.com\\\/es\\\/sobre-nosotros\\\/abogado-latino-para-accidentes-de-auto\\\/#breadcrumblist\",\"itemListElement\":[{\"@type\":\"ListItem\",\"@id\":\"https:\\\/\\\/rodriguezlawfirm.com\\\/es\\\/#listItem\",\"position\":1,\"name\":\"Home\",\"item\":\"https:\\\/\\\/rodriguezlawfirm.com\\\/es\\\/\",\"nextItem\":{\"@type\":\"ListItem\",\"@id\":\"https:\\\/\\\/rodriguezlawfirm.com\\\/es\\\/sobre-nosotros\\\/#listItem\",\"name\":\"Acerca de Rodriguez Law Firm\"}},{\"@type\":\"ListItem\",\"@id\":\"https:\\\/\\\/rodriguezlawfirm.com\\\/es\\\/sobre-nosotros\\\/#listItem\",\"position\":2,\"name\":\"Acerca de Rodriguez Law Firm\",\"item\":\"https:\\\/\\\/rodriguezlawfirm.com\\\/es\\\/sobre-nosotros\\\/\",\"nextItem\":{\"@type\":\"ListItem\",\"@id\":\"https:\\\/\\\/rodriguezlawfirm.com\\\/es\\\/sobre-nosotros\\\/abogado-latino-para-accidentes-de-auto\\\/#listItem\",\"name\":\"Abogado latino para accidentes de auto\"},\"previousItem\":{\"@type\":\"ListItem\",\"@id\":\"https:\\\/\\\/rodriguezlawfirm.com\\\/es\\\/#listItem\",\"name\":\"Home\"}},{\"@type\":\"ListItem\",\"@id\":\"https:\\\/\\\/rodriguezlawfirm.com\\\/es\\\/sobre-nosotros\\\/abogado-latino-para-accidentes-de-auto\\\/#listItem\",\"position\":3,\"name\":\"Abogado latino para accidentes de auto\",\"previousItem\":{\"@type\":\"ListItem\",\"@id\":\"https:\\\/\\\/rodriguezlawfirm.com\\\/es\\\/sobre-nosotros\\\/#listItem\",\"name\":\"Acerca de Rodriguez Law Firm\"}}]},{\"@type\":\"Organization\",\"@id\":\"https:\\\/\\\/rodriguezlawfirm.com\\\/es\\\/#organization\",\"name\":\"Rodriguez Law Firm\",\"description\":\"Car Accident Lawyer\",\"url\":\"https:\\\/\\\/rodriguezlawfirm.com\\\/es\\\/\"},{\"@type\":\"WebPage\",\"@id\":\"https:\\\/\\\/rodriguezlawfirm.com\\\/es\\\/sobre-nosotros\\\/abogado-latino-para-accidentes-de-auto\\\/#webpage\",\"url\":\"https:\\\/\\\/rodriguezlawfirm.com\\\/es\\\/sobre-nosotros\\\/abogado-latino-para-accidentes-de-auto\\\/\",\"name\":\"Abogados de accidentes de auto latinos | Rodriguez Law Firm\",\"description\":\"Rodriguez Law Firm es un bufete de abogados de accidentes de auto de habla hispana que sirve clientes por todo el pa\\u00eds. M\\u00e1s de 750 rese\\u00f1as de cinco estrellas. Solicite una revisi\\u00f3n gratuita de su caso.\",\"inLanguage\":\"es-MX\",\"isPartOf\":{\"@id\":\"https:\\\/\\\/rodriguezlawfirm.com\\\/es\\\/#website\"},\"breadcrumb\":{\"@id\":\"https:\\\/\\\/rodriguezlawfirm.com\\\/es\\\/sobre-nosotros\\\/abogado-latino-para-accidentes-de-auto\\\/#breadcrumblist\"},\"image\":{\"@type\":\"ImageObject\",\"url\":\"https:\\\/\\\/rodriguezlawfirm.com\\\/wp-content\\\/uploads\\\/2025\\\/12\\\/tiny-hero-image.webp?wsr\",\"@id\":\"https:\\\/\\\/rodriguezlawfirm.com\\\/es\\\/sobre-nosotros\\\/abogado-latino-para-accidentes-de-auto\\\/#mainImage\",\"width\":653,\"height\":504},\"primaryImageOfPage\":{\"@id\":\"https:\\\/\\\/rodriguezlawfirm.com\\\/es\\\/sobre-nosotros\\\/abogado-latino-para-accidentes-de-auto\\\/#mainImage\"},\"datePublished\":\"2025-11-18T21:38:09-05:00\",\"dateModified\":\"2026-03-08T13:21:45-04:00\"},{\"@type\":\"WebSite\",\"@id\":\"https:\\\/\\\/rodriguezlawfirm.com\\\/es\\\/#website\",\"url\":\"https:\\\/\\\/rodriguezlawfirm.com\\\/es\\\/\",\"name\":\"Rodriguez Law Firm\",\"description\":\"Car Accident Lawyer\",\"inLanguage\":\"es-MX\",\"publisher\":{\"@id\":\"https:\\\/\\\/rodriguezlawfirm.com\\\/es\\\/#organization\"}}]}\n\t\t<\/script>\n\t\t<!-- All in One SEO Pro -->\r\n\t\t<title>Abogados de accidentes de auto latinos | Rodriguez Law Firm<\/title>\n\n","aioseo_head_json":{"title":"Abogados de accidentes de auto latinos | Rodriguez Law Firm","description":"Rodriguez Law Firm es un bufete de abogados de accidentes de auto de habla hispana que sirve clientes por todo el pa\u00eds. M\u00e1s de 750 rese\u00f1as de cinco estrellas. Solicite una revisi\u00f3n gratuita de su caso.","canonical_url":"https:\/\/rodriguezlawfirm.com\/es\/sobre-nosotros\/abogado-latino-para-accidentes-de-auto\/","robots":"max-image-preview:large","keywords":"","webmasterTools":{"miscellaneous":""},"schema":{"@context":"https:\/\/schema.org","@graph":[{"@type":"BreadcrumbList","@id":"https:\/\/rodriguezlawfirm.com\/es\/sobre-nosotros\/abogado-latino-para-accidentes-de-auto\/#breadcrumblist","itemListElement":[{"@type":"ListItem","@id":"https:\/\/rodriguezlawfirm.com\/es\/#listItem","position":1,"name":"Home","item":"https:\/\/rodriguezlawfirm.com\/es\/","nextItem":{"@type":"ListItem","@id":"https:\/\/rodriguezlawfirm.com\/es\/sobre-nosotros\/#listItem","name":"Acerca de Rodriguez Law Firm"}},{"@type":"ListItem","@id":"https:\/\/rodriguezlawfirm.com\/es\/sobre-nosotros\/#listItem","position":2,"name":"Acerca de Rodriguez Law Firm","item":"https:\/\/rodriguezlawfirm.com\/es\/sobre-nosotros\/","nextItem":{"@type":"ListItem","@id":"https:\/\/rodriguezlawfirm.com\/es\/sobre-nosotros\/abogado-latino-para-accidentes-de-auto\/#listItem","name":"Abogado latino para accidentes de auto"},"previousItem":{"@type":"ListItem","@id":"https:\/\/rodriguezlawfirm.com\/es\/#listItem","name":"Home"}},{"@type":"ListItem","@id":"https:\/\/rodriguezlawfirm.com\/es\/sobre-nosotros\/abogado-latino-para-accidentes-de-auto\/#listItem","position":3,"name":"Abogado latino para accidentes de auto","previousItem":{"@type":"ListItem","@id":"https:\/\/rodriguezlawfirm.com\/es\/sobre-nosotros\/#listItem","name":"Acerca de Rodriguez Law Firm"}}]},{"@type":"Organization","@id":"https:\/\/rodriguezlawfirm.com\/es\/#organization","name":"Rodriguez Law Firm","description":"Car Accident Lawyer","url":"https:\/\/rodriguezlawfirm.com\/es\/"},{"@type":"WebPage","@id":"https:\/\/rodriguezlawfirm.com\/es\/sobre-nosotros\/abogado-latino-para-accidentes-de-auto\/#webpage","url":"https:\/\/rodriguezlawfirm.com\/es\/sobre-nosotros\/abogado-latino-para-accidentes-de-auto\/","name":"Abogados de accidentes de auto latinos | Rodriguez Law Firm","description":"Rodriguez Law Firm es un bufete de abogados de accidentes de auto de habla hispana que sirve clientes por todo el pa\u00eds. M\u00e1s de 750 rese\u00f1as de cinco estrellas. Solicite una revisi\u00f3n gratuita de su caso.","inLanguage":"es-MX","isPartOf":{"@id":"https:\/\/rodriguezlawfirm.com\/es\/#website"},"breadcrumb":{"@id":"https:\/\/rodriguezlawfirm.com\/es\/sobre-nosotros\/abogado-latino-para-accidentes-de-auto\/#breadcrumblist"},"image":{"@type":"ImageObject","url":"https:\/\/rodriguezlawfirm.com\/wp-content\/uploads\/2025\/12\/tiny-hero-image.webp?wsr","@id":"https:\/\/rodriguezlawfirm.com\/es\/sobre-nosotros\/abogado-latino-para-accidentes-de-auto\/#mainImage","width":653,"height":504},"primaryImageOfPage":{"@id":"https:\/\/rodriguezlawfirm.com\/es\/sobre-nosotros\/abogado-latino-para-accidentes-de-auto\/#mainImage"},"datePublished":"2025-11-18T21:38:09-05:00","dateModified":"2026-03-08T13:21:45-04:00"},{"@type":"WebSite","@id":"https:\/\/rodriguezlawfirm.com\/es\/#website","url":"https:\/\/rodriguezlawfirm.com\/es\/","name":"Rodriguez Law Firm","description":"Car Accident Lawyer","inLanguage":"es-MX","publisher":{"@id":"https:\/\/rodriguezlawfirm.com\/es\/#organization"}}]},"og:locale":"es_MX","og:site_name":"Rodriguez Law Firm | Car Accident Lawyer","og:type":"article","og:title":"Abogados de accidentes de auto latinos | Rodriguez Law Firm","og:description":"Rodriguez Law Firm es un bufete de abogados de accidentes de auto de habla hispana que sirve clientes por todo el pa\u00eds. M\u00e1s de 750 rese\u00f1as de cinco estrellas. Solicite una revisi\u00f3n gratuita de su caso.","og:url":"https:\/\/rodriguezlawfirm.com\/es\/sobre-nosotros\/abogado-latino-para-accidentes-de-auto\/","article:published_time":"2025-11-19T02:38:09+00:00","article:modified_time":"2026-03-08T17:21:45+00:00","twitter:card":"summary_large_image","twitter:title":"Abogados de accidentes de auto latinos | Rodriguez Law Firm","twitter:description":"Rodriguez Law Firm es un bufete de abogados de accidentes de auto de habla hispana que sirve clientes por todo el pa\u00eds. M\u00e1s de 750 rese\u00f1as de cinco estrellas. Solicite una revisi\u00f3n gratuita de su caso."},"aioseo_meta_data":{"post_id":"1515","title":"Abogados de accidentes de auto latinos #separator_sa #site_title","description":"Rodriguez Law Firm es un bufete de abogados de accidentes de auto de habla hispana que sirve clientes por todo el pa\u00eds. M\u00e1s de 750 rese\u00f1as de cinco estrellas. Solicite una revisi\u00f3n gratuita de su caso.","keywords":null,"keyphrases":{"focus":{"keyphrase":"","score":0,"analysis":{"keyphraseInTitle":{"score":0,"maxScore":9,"error":1}}},"additional":[]},"primary_term":null,"canonical_url":null,"og_title":null,"og_description":null,"og_object_type":"default","og_image_type":"default","og_image_url":null,"og_image_width":null,"og_image_height":null,"og_image_custom_url":null,"og_image_custom_fields":null,"og_video":"","og_custom_url":null,"og_article_section":null,"og_article_tags":null,"twitter_use_og":false,"twitter_card":"default","twitter_image_type":"default","twitter_image_url":null,"twitter_image_custom_url":null,"twitter_image_custom_fields":null,"twitter_title":null,"twitter_description":null,"schema":{"blockGraphs":[],"customGraphs":[],"default":{"data":{"Article":[],"Course":[],"Dataset":[],"FAQPage":[],"Movie":[],"Person":[],"Product":[],"ProductReview":[],"Car":[],"Recipe":[],"Service":[],"SoftwareApplication":[],"WebPage":[]},"graphName":"WebPage","isEnabled":true},"graphs":[]},"schema_type":"default","schema_type_options":null,"pillar_content":false,"robots_default":true,"robots_noindex":false,"robots_noarchive":false,"robots_nosnippet":false,"robots_nofollow":false,"robots_noimageindex":false,"robots_noodp":false,"robots_notranslate":false,"robots_max_snippet":"-1","robots_max_videopreview":"-1","robots_max_imagepreview":"large","priority":null,"frequency":"default","local_seo":null,"seo_analyzer_scan_date":"2026-03-08 17:42:14","breadcrumb_settings":null,"limit_modified_date":false,"reviewed_by":"0","open_ai":null,"ai":{"faqs":[],"keyPoints":[],"titles":[],"descriptions":[],"socialPosts":{"email":[],"linkedin":[],"twitter":[],"facebook":[],"instagram":[]}},"created":"2025-12-07 11:09:47","updated":"2026-04-24 06:34:42"},"aioseo_breadcrumb":"<div class=\"aioseo-breadcrumbs\"><span class=\"aioseo-breadcrumb\">\n\t<a href=\"https:\/\/rodriguezlawfirm.com\/es\/\" title=\"Home\">Home<\/a>\n<\/span><span class=\"aioseo-breadcrumb-separator\">\u00bb<\/span><span class=\"aioseo-breadcrumb\">\n\t<a href=\"https:\/\/rodriguezlawfirm.com\/es\/sobre-nosotros\/\" title=\"Acerca de Rodriguez Law Firm\">Acerca de Rodriguez Law Firm<\/a>\n<\/span><span class=\"aioseo-breadcrumb-separator\">\u00bb<\/span><span class=\"aioseo-breadcrumb\">\n\tAbogado latino para accidentes de auto\n<\/span><\/div>","aioseo_breadcrumb_json":[{"label":"Home","link":"https:\/\/rodriguezlawfirm.com\/es\/"},{"label":"Acerca de Rodriguez Law Firm","link":"https:\/\/rodriguezlawfirm.com\/es\/sobre-nosotros\/"},{"label":"Abogado latino para accidentes de auto","link":"https:\/\/rodriguezlawfirm.com\/es\/sobre-nosotros\/abogado-latino-para-accidentes-de-auto\/"}],"_links":{"self":[{"href":"https:\/\/rodriguezlawfirm.com\/es\/wp-json\/wp\/v2\/pages\/1515","targetHints":{"allow":["GET"]}}],"collection":[{"href":"https:\/\/rodriguezlawfirm.com\/es\/wp-json\/wp\/v2\/pages"}],"about":[{"href":"https:\/\/rodriguezlawfirm.com\/es\/wp-json\/wp\/v2\/types\/page"}],"author":[{"embeddable":true,"href":"https:\/\/rodriguezlawfirm.com\/es\/wp-json\/wp\/v2\/users\/1"}],"replies":[{"embeddable":true,"href":"https:\/\/rodriguezlawfirm.com\/es\/wp-json\/wp\/v2\/comments?post=1515"}],"version-history":[{"count":5,"href":"https:\/\/rodriguezlawfirm.com\/es\/wp-json\/wp\/v2\/pages\/1515\/revisions"}],"predecessor-version":[{"id":2705,"href":"https:\/\/rodriguezlawfirm.com\/es\/wp-json\/wp\/v2\/pages\/1515\/revisions\/2705"}],"up":[{"embeddable":true,"href":"https:\/\/rodriguezlawfirm.com\/es\/wp-json\/wp\/v2\/pages\/1510"}],"wp:featuredmedia":[{"embeddable":true,"href":"https:\/\/rodriguezlawfirm.com\/es\/wp-json\/wp\/v2\/media\/2163"}],"wp:attachment":[{"href":"https:\/\/rodriguezlawfirm.com\/es\/wp-json\/wp\/v2\/media?parent=1515"}],"curies":[{"name":"wp","href":"https:\/\/api.w.org\/{rel}","templated":true}]}}