{"id":1568,"date":"2025-12-05T09:19:03","date_gmt":"2025-12-05T14:19:03","guid":{"rendered":"https:\/\/steelblue-aardvark-521299.hostingersite.com\/contacto\/"},"modified":"2025-12-07T07:22:13","modified_gmt":"2025-12-07T12:22:13","slug":"contacto","status":"publish","type":"page","link":"https:\/\/rodriguezlawfirm.com\/es\/contacto\/","title":{"rendered":"Contacto"},"content":{"rendered":"\n<p>En Rodriguez Law Firm, ofrecemos consultas y revisiones de casos gratuitas a todos los clientes potenciales nuevos. Se trata de una llamada o reuni\u00f3n sin compromiso directamente con un abogado, donde puede hacer preguntas, conocer el valor de su posible reclamaci\u00f3n de indemnizaci\u00f3n y comprender exactamente lo que necesitar\u00e1 para presentar un caso. <\/p>\n\n<p>Tambi\u00e9n trabajamos con una pol\u00edtica de &#8220;si no gana, no paga&#8221;: si no gana, no nos debe nada. A diferencia de otras firmas que a\u00f1aden tarifas ocultas o gastos inesperados, somos completamente transparentes. Nuestra tarifa fija se indica claramente en la primera l\u00ednea del contrato que firma con nosotros.  <\/p>\n\n<p>Puede ponerse en contacto con <strong>Rodriguez Law Firm<\/strong> utilizando el siguiente formulario. Rellene sus datos y un miembro de nuestro equipo se pondr\u00e1 en contacto con usted para concertar su consulta gratuita o programar un momento conveniente para hablar. <\/p>\n\n<p>Tambi\u00e9n puede llamarnos ahora al +1 (571) 200-1889.<\/p>\n\n<p>Si est\u00e1 cerca, le invitamos a visitar una de nuestras oficinas en persona, ubicadas en Manassas y Tysons, Virginia; Wheaton, Maryland; y Austin, Texas.<\/p>\n\n<p><\/p>\n","protected":false},"excerpt":{"rendered":"<p>En Rodriguez Law Firm, ofrecemos consultas y revisiones de casos gratuitas a todos los clientes potenciales nuevos. Se trata de una llamada o reuni\u00f3n sin compromiso directamente con un abogado, donde puede hacer preguntas, conocer el valor de su posible reclamaci\u00f3n de indemnizaci\u00f3n y comprender exactamente lo que necesitar\u00e1 para presentar un caso. Tambi\u00e9n trabajamos [&hellip;]<\/p>\n","protected":false},"author":1,"featured_media":0,"parent":0,"menu_order":0,"comment_status":"closed","ping_status":"closed","template":"","meta":{"footnotes":""},"class_list":["post-1568","page","type-page","status-publish","hentry"],"aioseo_notices":[],"aioseo_head":"\n\t\t<!-- All in One SEO Pro 4.9.5.2 - aioseo.com -->\n\t<meta name=\"description\" content=\"En Rodriguez Law Firm, ofrecemos consultas y revisiones de casos gratuitas a todos los clientes potenciales nuevos. Se trata de una llamada o reuni\u00f3n sin compromiso directamente con un abogado, donde puede hacer preguntas, conocer el valor de su posible reclamaci\u00f3n de indemnizaci\u00f3n y comprender exactamente lo que necesitar\u00e1 para presentar un caso. Tambi\u00e9n trabajamos\" \/>\n\t<meta name=\"robots\" content=\"max-image-preview:large\" \/>\n\t<link rel=\"canonical\" href=\"https:\/\/rodriguezlawfirm.com\/es\/contacto\/\" \/>\n\t<meta name=\"generator\" content=\"All in One SEO Pro (AIOSEO) 4.9.5.2\" \/>\n\t\t<meta property=\"og:locale\" content=\"es_MX\" \/>\n\t\t<meta property=\"og:site_name\" content=\"Rodriguez Law Firm | Car Accident Lawyer\" \/>\n\t\t<meta property=\"og:type\" content=\"article\" \/>\n\t\t<meta property=\"og:title\" content=\"Contacto | Rodriguez Law Firm\" \/>\n\t\t<meta property=\"og:description\" content=\"En Rodriguez Law Firm, ofrecemos consultas y revisiones de casos gratuitas a todos los clientes potenciales nuevos. Se trata de una llamada o reuni\u00f3n sin compromiso directamente con un abogado, donde puede hacer preguntas, conocer el valor de su posible reclamaci\u00f3n de indemnizaci\u00f3n y comprender exactamente lo que necesitar\u00e1 para presentar un caso. Tambi\u00e9n trabajamos\" \/>\n\t\t<meta property=\"og:url\" content=\"https:\/\/rodriguezlawfirm.com\/es\/contacto\/\" \/>\n\t\t<meta property=\"article:published_time\" content=\"2025-12-05T14:19:03+00:00\" \/>\n\t\t<meta property=\"article:modified_time\" content=\"2025-12-07T12:22:13+00:00\" \/>\n\t\t<meta name=\"twitter:card\" content=\"summary_large_image\" \/>\n\t\t<meta name=\"twitter:title\" content=\"Contacto | Rodriguez Law Firm\" \/>\n\t\t<meta name=\"twitter:description\" content=\"En Rodriguez Law Firm, ofrecemos consultas y revisiones de casos gratuitas a todos los clientes potenciales nuevos. Se trata de una llamada o reuni\u00f3n sin compromiso directamente con un abogado, donde puede hacer preguntas, conocer el valor de su posible reclamaci\u00f3n de indemnizaci\u00f3n y comprender exactamente lo que necesitar\u00e1 para presentar un caso. Tambi\u00e9n trabajamos\" \/>\n\t\t<script type=\"application\/ld+json\" class=\"aioseo-schema\">\n\t\t\t{\"@context\":\"https:\\\/\\\/schema.org\",\"@graph\":[{\"@type\":\"BreadcrumbList\",\"@id\":\"https:\\\/\\\/rodriguezlawfirm.com\\\/es\\\/contacto\\\/#breadcrumblist\",\"itemListElement\":[{\"@type\":\"ListItem\",\"@id\":\"https:\\\/\\\/rodriguezlawfirm.com\\\/es\\\/#listItem\",\"position\":1,\"name\":\"Home\",\"item\":\"https:\\\/\\\/rodriguezlawfirm.com\\\/es\\\/\",\"nextItem\":{\"@type\":\"ListItem\",\"@id\":\"https:\\\/\\\/rodriguezlawfirm.com\\\/es\\\/contacto\\\/#listItem\",\"name\":\"Contacto\"}},{\"@type\":\"ListItem\",\"@id\":\"https:\\\/\\\/rodriguezlawfirm.com\\\/es\\\/contacto\\\/#listItem\",\"position\":2,\"name\":\"Contacto\",\"previousItem\":{\"@type\":\"ListItem\",\"@id\":\"https:\\\/\\\/rodriguezlawfirm.com\\\/es\\\/#listItem\",\"name\":\"Home\"}}]},{\"@type\":\"Organization\",\"@id\":\"https:\\\/\\\/rodriguezlawfirm.com\\\/es\\\/#organization\",\"name\":\"Rodriguez Law Firm\",\"description\":\"Car Accident Lawyer\",\"url\":\"https:\\\/\\\/rodriguezlawfirm.com\\\/es\\\/\"},{\"@type\":\"WebPage\",\"@id\":\"https:\\\/\\\/rodriguezlawfirm.com\\\/es\\\/contacto\\\/#webpage\",\"url\":\"https:\\\/\\\/rodriguezlawfirm.com\\\/es\\\/contacto\\\/\",\"name\":\"Contacto | Rodriguez Law Firm\",\"description\":\"En Rodriguez Law Firm, ofrecemos consultas y revisiones de casos gratuitas a todos los clientes potenciales nuevos. Se trata de una llamada o reuni\\u00f3n sin compromiso directamente con un abogado, donde puede hacer preguntas, conocer el valor de su posible reclamaci\\u00f3n de indemnizaci\\u00f3n y comprender exactamente lo que necesitar\\u00e1 para presentar un caso. Tambi\\u00e9n trabajamos\",\"inLanguage\":\"es-MX\",\"isPartOf\":{\"@id\":\"https:\\\/\\\/rodriguezlawfirm.com\\\/es\\\/#website\"},\"breadcrumb\":{\"@id\":\"https:\\\/\\\/rodriguezlawfirm.com\\\/es\\\/contacto\\\/#breadcrumblist\"},\"datePublished\":\"2025-12-05T09:19:03-05:00\",\"dateModified\":\"2025-12-07T07:22:13-05:00\"},{\"@type\":\"WebSite\",\"@id\":\"https:\\\/\\\/rodriguezlawfirm.com\\\/es\\\/#website\",\"url\":\"https:\\\/\\\/rodriguezlawfirm.com\\\/es\\\/\",\"name\":\"Rodriguez Law Firm\",\"description\":\"Car Accident Lawyer\",\"inLanguage\":\"es-MX\",\"publisher\":{\"@id\":\"https:\\\/\\\/rodriguezlawfirm.com\\\/es\\\/#organization\"}}]}\n\t\t<\/script>\n\t\t<!-- All in One SEO Pro -->\r\n\t\t<title>Contacto | Rodriguez Law Firm<\/title>\n\n","aioseo_head_json":{"title":"Contacto | Rodriguez Law Firm","description":"En Rodriguez Law Firm, ofrecemos consultas y revisiones de casos gratuitas a todos los clientes potenciales nuevos. Se trata de una llamada o reuni\u00f3n sin compromiso directamente con un abogado, donde puede hacer preguntas, conocer el valor de su posible reclamaci\u00f3n de indemnizaci\u00f3n y comprender exactamente lo que necesitar\u00e1 para presentar un caso. Tambi\u00e9n trabajamos","canonical_url":"https:\/\/rodriguezlawfirm.com\/es\/contacto\/","robots":"max-image-preview:large","keywords":"","webmasterTools":{"miscellaneous":""},"schema":{"@context":"https:\/\/schema.org","@graph":[{"@type":"BreadcrumbList","@id":"https:\/\/rodriguezlawfirm.com\/es\/contacto\/#breadcrumblist","itemListElement":[{"@type":"ListItem","@id":"https:\/\/rodriguezlawfirm.com\/es\/#listItem","position":1,"name":"Home","item":"https:\/\/rodriguezlawfirm.com\/es\/","nextItem":{"@type":"ListItem","@id":"https:\/\/rodriguezlawfirm.com\/es\/contacto\/#listItem","name":"Contacto"}},{"@type":"ListItem","@id":"https:\/\/rodriguezlawfirm.com\/es\/contacto\/#listItem","position":2,"name":"Contacto","previousItem":{"@type":"ListItem","@id":"https:\/\/rodriguezlawfirm.com\/es\/#listItem","name":"Home"}}]},{"@type":"Organization","@id":"https:\/\/rodriguezlawfirm.com\/es\/#organization","name":"Rodriguez Law Firm","description":"Car Accident Lawyer","url":"https:\/\/rodriguezlawfirm.com\/es\/"},{"@type":"WebPage","@id":"https:\/\/rodriguezlawfirm.com\/es\/contacto\/#webpage","url":"https:\/\/rodriguezlawfirm.com\/es\/contacto\/","name":"Contacto | Rodriguez Law Firm","description":"En Rodriguez Law Firm, ofrecemos consultas y revisiones de casos gratuitas a todos los clientes potenciales nuevos. Se trata de una llamada o reuni\u00f3n sin compromiso directamente con un abogado, donde puede hacer preguntas, conocer el valor de su posible reclamaci\u00f3n de indemnizaci\u00f3n y comprender exactamente lo que necesitar\u00e1 para presentar un caso. Tambi\u00e9n trabajamos","inLanguage":"es-MX","isPartOf":{"@id":"https:\/\/rodriguezlawfirm.com\/es\/#website"},"breadcrumb":{"@id":"https:\/\/rodriguezlawfirm.com\/es\/contacto\/#breadcrumblist"},"datePublished":"2025-12-05T09:19:03-05:00","dateModified":"2025-12-07T07:22:13-05:00"},{"@type":"WebSite","@id":"https:\/\/rodriguezlawfirm.com\/es\/#website","url":"https:\/\/rodriguezlawfirm.com\/es\/","name":"Rodriguez Law Firm","description":"Car Accident Lawyer","inLanguage":"es-MX","publisher":{"@id":"https:\/\/rodriguezlawfirm.com\/es\/#organization"}}]},"og:locale":"es_MX","og:site_name":"Rodriguez Law Firm | Car Accident Lawyer","og:type":"article","og:title":"Contacto | Rodriguez Law Firm","og:description":"En Rodriguez Law Firm, ofrecemos consultas y revisiones de casos gratuitas a todos los clientes potenciales nuevos. Se trata de una llamada o reuni\u00f3n sin compromiso directamente con un abogado, donde puede hacer preguntas, conocer el valor de su posible reclamaci\u00f3n de indemnizaci\u00f3n y comprender exactamente lo que necesitar\u00e1 para presentar un caso. Tambi\u00e9n trabajamos","og:url":"https:\/\/rodriguezlawfirm.com\/es\/contacto\/","article:published_time":"2025-12-05T14:19:03+00:00","article:modified_time":"2025-12-07T12:22:13+00:00","twitter:card":"summary_large_image","twitter:title":"Contacto | Rodriguez Law Firm","twitter:description":"En Rodriguez Law Firm, ofrecemos consultas y revisiones de casos gratuitas a todos los clientes potenciales nuevos. Se trata de una llamada o reuni\u00f3n sin compromiso directamente con un abogado, donde puede hacer preguntas, conocer el valor de su posible reclamaci\u00f3n de indemnizaci\u00f3n y comprender exactamente lo que necesitar\u00e1 para presentar un caso. Tambi\u00e9n trabajamos"},"aioseo_meta_data":{"post_id":"1568","title":null,"description":null,"keywords":null,"keyphrases":{"focus":{"keyphrase":"","score":0,"analysis":{"keyphraseInTitle":{"score":0,"maxScore":9,"error":1}}},"additional":[]},"primary_term":null,"canonical_url":null,"og_title":null,"og_description":null,"og_object_type":"default","og_image_type":"default","og_image_url":null,"og_image_width":null,"og_image_height":null,"og_image_custom_url":null,"og_image_custom_fields":null,"og_video":"","og_custom_url":null,"og_article_section":null,"og_article_tags":null,"twitter_use_og":false,"twitter_card":"default","twitter_image_type":"default","twitter_image_url":null,"twitter_image_custom_url":null,"twitter_image_custom_fields":null,"twitter_title":null,"twitter_description":null,"schema":{"blockGraphs":[],"customGraphs":[],"default":{"data":{"Article":[],"Course":[],"Dataset":[],"FAQPage":[],"Movie":[],"Person":[],"Product":[],"ProductReview":[],"Car":[],"Recipe":[],"Service":[],"SoftwareApplication":[],"WebPage":[]},"graphName":"WebPage","isEnabled":true},"graphs":[]},"schema_type":"default","schema_type_options":null,"pillar_content":false,"robots_default":true,"robots_noindex":false,"robots_noarchive":false,"robots_nosnippet":false,"robots_nofollow":false,"robots_noimageindex":false,"robots_noodp":false,"robots_notranslate":false,"robots_max_snippet":"-1","robots_max_videopreview":"-1","robots_max_imagepreview":"large","priority":null,"frequency":"default","local_seo":null,"seo_analyzer_scan_date":"2025-12-05 14:22:02","breadcrumb_settings":null,"limit_modified_date":false,"reviewed_by":"0","open_ai":null,"ai":{"faqs":[],"keyPoints":[],"titles":[],"descriptions":[],"socialPosts":{"email":[],"linkedin":[],"twitter":[],"facebook":[],"instagram":[]}},"created":"2025-12-07 12:22:13","updated":"2025-12-07 12:37:04"},"aioseo_breadcrumb":"<div class=\"aioseo-breadcrumbs\"><span class=\"aioseo-breadcrumb\">\n\t<a href=\"https:\/\/rodriguezlawfirm.com\/es\/\" title=\"Home\">Home<\/a>\n<\/span><span class=\"aioseo-breadcrumb-separator\">\u00bb<\/span><span class=\"aioseo-breadcrumb\">\n\tContacto\n<\/span><\/div>","aioseo_breadcrumb_json":[{"label":"Home","link":"https:\/\/rodriguezlawfirm.com\/es\/"},{"label":"Contacto","link":"https:\/\/rodriguezlawfirm.com\/es\/contacto\/"}],"_links":{"self":[{"href":"https:\/\/rodriguezlawfirm.com\/es\/wp-json\/wp\/v2\/pages\/1568","targetHints":{"allow":["GET"]}}],"collection":[{"href":"https:\/\/rodriguezlawfirm.com\/es\/wp-json\/wp\/v2\/pages"}],"about":[{"href":"https:\/\/rodriguezlawfirm.com\/es\/wp-json\/wp\/v2\/types\/page"}],"author":[{"embeddable":true,"href":"https:\/\/rodriguezlawfirm.com\/es\/wp-json\/wp\/v2\/users\/1"}],"replies":[{"embeddable":true,"href":"https:\/\/rodriguezlawfirm.com\/es\/wp-json\/wp\/v2\/comments?post=1568"}],"version-history":[{"count":1,"href":"https:\/\/rodriguezlawfirm.com\/es\/wp-json\/wp\/v2\/pages\/1568\/revisions"}],"predecessor-version":[{"id":1569,"href":"https:\/\/rodriguezlawfirm.com\/es\/wp-json\/wp\/v2\/pages\/1568\/revisions\/1569"}],"wp:attachment":[{"href":"https:\/\/rodriguezlawfirm.com\/es\/wp-json\/wp\/v2\/media?parent=1568"}],"curies":[{"name":"wp","href":"https:\/\/api.w.org\/{rel}","templated":true}]}}