{"id":3079,"date":"2026-04-22T11:24:00","date_gmt":"2026-04-22T15:24:00","guid":{"rendered":"https:\/\/rodriguezlawfirm.com\/cuanto-tiempo-tarda-un-acuerdo-con-rodriguez-law-firm\/"},"modified":"2026-05-03T11:39:51","modified_gmt":"2026-05-03T15:39:51","slug":"cuanto-tiempo-tarda-un-acuerdo-con-rodriguez-law-firm","status":"publish","type":"page","link":"https:\/\/rodriguezlawfirm.com\/es\/cuanto-tiempo-tarda-un-acuerdo-con-rodriguez-law-firm\/","title":{"rendered":"\u00bfCu\u00e1nto tiempo tarda un acuerdo con Rodriguez Law Firm?"},"content":{"rendered":"\n<p>Una de las preguntas m\u00e1s frecuentes que recibimos en <a href=\"https:\/\/rodriguezlawfirm.com\/es\/\" title=\"Rodriguez Law Firm &#x2013; abrir formulario &#x2013; colores\">Rodriguez Law Firm<\/a> es sencilla: \u201c\u00bfCu\u00e1nto tiempo tardar\u00e1 en resolverse mi caso?\u201d<\/p>\n\n<p>La mayor\u00eda de los abogados dan una estimaci\u00f3n aproximada o evitan responder. Esto se debe a que es dif\u00edcil predecir <strong>cu\u00e1nto tiempo tardar\u00e1 en resolverse su caso<\/strong>, ya que intervienen muchos factores. <\/p>\n\n<p>Pero nosotros quer\u00edamos hacer algo diferente.<\/p>\n\n<p>Nuestro equipo analiz\u00f3 1.608 casos de Rodriguez Law Firm desde octubre de 2022 hasta marzo de 2026. Se trata de casos reales de diferentes tipos de accidentes, incluidos <a href=\"https:\/\/rodriguezlawfirm.com\/es\/servicios\/abogado-de-accidentes-de-carro\/\" title=\"Abogado de accidentes de carro\">accidentes de tr\u00e1fico<\/a>, <a href=\"https:\/\/rodriguezlawfirm.com\/es\/servicios\/abogado-de-accidentes-de-peatones\/\" title=\"Abogado de accidentes de peatones\">accidentes de peatones<\/a>, <a href=\"https:\/\/rodriguezlawfirm.com\/es\/servicios\/abogado-de-resbalones-y-caidas\/\" title=\"Abogado de accidentes por resbalones y ca&#xED;das\">casos de resbalones y ca\u00eddas<\/a>, entre otros. <\/p>\n\n<p><strong>Descubrimos que el tiempo medio de resoluci\u00f3n es de 273 d\u00edas, es decir, algo menos de 9 meses.<\/strong><\/p>\n\n<p>Es un resultado del que estamos orgullosos, ya que es mucho m\u00e1s r\u00e1pido que la media nacional. <\/p>\n\n<figure class=\"wp-block-image size-large\"><img fetchpriority=\"high\" decoding=\"async\" width=\"1024\" height=\"540\" src=\"https:\/\/rodriguezlawfirm.com\/wp-content\/uploads\/2026\/04\/days_to_resolve_accident_cases_rodriguez_law_firm_2025_2026_jitter_graph-1024x540.png\" alt=\"\" class=\"wp-image-2938\" srcset=\"https:\/\/rodriguezlawfirm.com\/wp-content\/uploads\/2026\/04\/days_to_resolve_accident_cases_rodriguez_law_firm_2025_2026_jitter_graph-1024x540.png 1024w, https:\/\/rodriguezlawfirm.com\/wp-content\/uploads\/2026\/04\/days_to_resolve_accident_cases_rodriguez_law_firm_2025_2026_jitter_graph-300x158.png 300w, https:\/\/rodriguezlawfirm.com\/wp-content\/uploads\/2026\/04\/days_to_resolve_accident_cases_rodriguez_law_firm_2025_2026_jitter_graph-768x405.png 768w, https:\/\/rodriguezlawfirm.com\/wp-content\/uploads\/2026\/04\/days_to_resolve_accident_cases_rodriguez_law_firm_2025_2026_jitter_graph-1536x810.png 1536w, https:\/\/rodriguezlawfirm.com\/wp-content\/uploads\/2026\/04\/days_to_resolve_accident_cases_rodriguez_law_firm_2025_2026_jitter_graph-2048x1081.png 2048w\" sizes=\"(max-width: 1024px) 100vw, 1024px\" \/><figcaption class=\"wp-element-caption\">Gr\u00e1fico que muestra el promedio de d\u00edas para la resoluci\u00f3n de los casos de Rodriguez Law Firm.<\/figcaption><\/figure>\n\n<h2 class=\"wp-block-heading\">El tiempo medio de resoluci\u00f3n en EE. UU. es de unos 15 meses<\/h2>\n\n<p>En todo Estados Unidos, la mayor\u00eda de los casos de lesiones personales tardan m\u00e1s en resolverse.<\/p>\n\n<p>Seg\u00fan los datos nacionales sobre acuerdos por accidentes de tr\u00e1fico, el <a href=\"https:\/\/rodriguezlawfirm.com\/es\/cuanto-tiempo-tarda-la-resolucion-de-un-accidente-de-auto\/\" title=\"&#xBF;Cu&#xE1;nto tiempo tarda la resoluci&#xF3;n de un accidente de auto?\">tiempo medio de resoluci\u00f3n<\/a> es de 15,05 meses. Eso es poco m\u00e1s de un a\u00f1o y tres meses. <\/p>\n\n<p>Pero ese promedio solo cuenta una parte de la historia. En los conjuntos de datos reales, los plazos de resoluci\u00f3n var\u00edan considerablemente: <\/p>\n\n<ul class=\"wp-block-list\">\n<li>Algunos casos se resuelven en tan solo 1 semana<\/li>\n\n\n\n<li>Otros tardan 4 a\u00f1os y 5 meses en resolverse<\/li>\n<\/ul>\n\n<p>Ese rango existe porque no hay dos casos iguales. La gravedad de las lesiones, la postura de la compa\u00f1\u00eda de seguros y el hecho de que el caso llegue o no a los tribunales afectan al cronograma. Aun as\u00ed, el promedio de 15 meses ofrece un punto de referencia nacional realista.  <\/p>\n\n<h2 class=\"wp-block-heading\">\u00bfC\u00f3mo logra Rodriguez Law Firm resolver los casos m\u00e1s r\u00e1pido que la media?<\/h2>\n\n<p>Nuestro promedio de 273 d\u00edas (9 meses) es unos 6 meses m\u00e1s r\u00e1pido que la media nacional. Ese resultado se debe a dos factores: enfoque y experiencia. <\/p>\n\n<p>En <a href=\"https:\/\/rodriguezlawfirm.com\/es\/\">Rodriguez Law Firm<\/a>, nos centramos principalmente en <a href=\"https:\/\/rodriguezlawfirm.com\/es\/servicios\/abogado-de-accidentes-de-carro\/\" title=\"Abogado de accidentes de carro\">casos de accidentes de tr\u00e1fico<\/a>. Es el n\u00facleo de nuestra pr\u00e1ctica profesional. Eso nos permite avanzar con eficiencia, evitar retrasos y aplicar estrategias probadas en un gran volumen de casos.  <\/p>\n\n<p>Pero la rapidez no es solo una cuesti\u00f3n de estrategia legal. Tambi\u00e9n se trata de c\u00f3mo apoyamos a los clientes durante todo el proceso. <\/p>\n\n<p>Le facilitamos el avance de su caso mediante:<\/p>\n\n<ul class=\"wp-block-list\">\n<li>La obtenci\u00f3n de tratamiento m\u00e9dico sin costes iniciales<\/li>\n\n\n\n<li>El compromiso de no cobrar honorarios a menos que ganemos<\/li>\n\n\n\n<li>Una comunicaci\u00f3n clara y actualizaciones del caso en tiempo real<\/li>\n\n\n\n<li>La gesti\u00f3n de todo el proceso, desde las reclamaciones al seguro hasta el litigio<\/li>\n<\/ul>\n\n<p>Cuando los clientes pueden centrarse en su recuperaci\u00f3n y nosotros controlamos el proceso legal de principio a fin, los casos avanzan m\u00e1s r\u00e1pido.<\/p>\n\n<p>As\u00ed es como lo hacemos:<\/p>\n\n<ul class=\"wp-block-list\">\n<li><strong>Documentamos todos los da\u00f1os de forma temprana. <\/strong>Recopilamos historiales m\u00e9dicos, facturas, salarios perdidos y pruebas de apoyo lo antes posible para evitar retrasos posteriores.<\/li>\n\n\n\n<li><strong>Ejercemos presi\u00f3n mediante cartas de requerimiento estructuradas. <\/strong>Nuestros paquetes de requerimiento son detallados y estrat\u00e9gicos, lo que obliga a las aseguradoras a responder con seriedad y evita demoras innecesarias.<\/li>\n\n\n\n<li><strong>Realizamos investigaciones independientes. <\/strong>No dependemos \u00fanicamente de los informes policiales. Recopilamos pruebas adicionales para reforzar la responsabilidad y reducir las disputas. <\/li>\n\n\n\n<li><strong>Utilizamos testigos expertos cuando es necesario.<\/strong> Cuando un caso requiere claridad m\u00e9dica o t\u00e9cnica, recurrimos a expertos de forma temprana para respaldar la reclamaci\u00f3n.<\/li>\n\n\n\n<li><strong>Preparamos cada caso como si fuera a ir a juicio.<\/strong> Esto indica a las compa\u00f1\u00edas de seguros que estamos listos para litigar, lo que a menudo conduce a ofertas de acuerdo m\u00e1s r\u00e1pidas y razonables.<\/li>\n<\/ul>\n\n<p>Este enfoque genera ventaja. Y la ventaja es lo que acorta los plazos. <\/p>\n\n<h2 class=\"wp-block-heading\">Factores que influyen en el tiempo de resoluci\u00f3n de su caso<\/h2>\n\n<p>Incluso con un bufete de abogados experimentado, el plazo de resoluci\u00f3n depende de varios factores.<\/p>\n\n<p>En nuestro conjunto de datos de 1.608 casos:<\/p>\n\n<ul class=\"wp-block-list\">\n<li>Un caso se resolvi\u00f3 en 17 d\u00edas<\/li>\n\n\n\n<li>Otro tard\u00f3 2 a\u00f1os y 10 meses<\/li>\n<\/ul>\n\n<p>Ese rango muestra cu\u00e1nta variaci\u00f3n existe.<\/p>\n\n<p>Estos son algunos de los principales factores que influyen en cu\u00e1nto tiempo tardar\u00e1 su caso:<\/p>\n\n<ul class=\"wp-block-list\">\n<li>La gravedad de sus lesiones<\/li>\n\n\n\n<li>Cu\u00e1nto dura su tratamiento m\u00e9dico<\/li>\n\n\n\n<li>Si se disputa la responsabilidad<\/li>\n\n\n\n<li>Los l\u00edmites de la p\u00f3liza de seguro involucrada<\/li>\n\n\n\n<li>Si hay varias partes responsables<\/li>\n\n\n\n<li>La calidad de las pruebas (informes policiales, testigos, documentaci\u00f3n)<\/li>\n\n\n\n<li>Si se requiere el testimonio de expertos<\/li>\n\n\n\n<li>Si el caso se resuelve mediante un acuerdo o llega a los tribunales<\/li>\n<\/ul>\n\n<p>Su cronograma se define por una combinaci\u00f3n de estos factores.<\/p>\n\n<p>Nuestro tiempo medio de resoluci\u00f3n tambi\u00e9n var\u00eda seg\u00fan el tipo de accidente.<\/p>\n\n<h4 class=\"wp-block-heading\">Accidentes de autom\u00f3vil<\/h4>\n\n<p>Los <a href=\"https:\/\/rodriguezlawfirm.com\/es\/servicios\/abogado-de-accidentes-de-carro\/\">accidentes de autom\u00f3vil<\/a> son nuestro enfoque principal y representan el 94% de los casos en nuestro conjunto de datos.<\/p>\n\n<p>De media, estos casos se resuelven en 260 d\u00edas. Al gestionar un alto volumen de estas reclamaciones, contamos con sistemas establecidos que ayudan a tramitarlas con eficiencia. <\/p>\n\n<h4 class=\"wp-block-heading\">Accidentes de peatones<\/h4>\n\n<p>Los casos de <a href=\"https:\/\/rodriguezlawfirm.com\/es\/servicios\/abogado-de-accidentes-de-peatones\/\">accidentes de peatones<\/a> tardan m\u00e1s, con una media de 422 d\u00edas.<\/p>\n\n<p>Las compa\u00f1\u00edas de seguros suelen cuestionar la responsabilidad en estos casos. Esto significa que se necesita m\u00e1s investigaci\u00f3n para demostrar que el conductor fue el responsable, lo que prolonga el plazo. <\/p>\n\n<h4 class=\"wp-block-heading\">Casos de mordeduras de perro<\/h4>\n\n<p>Los casos de mordeduras de perro tardan una media de 437 d\u00edas en resolverse.<\/p>\n\n<p>Estos casos suelen implicar disputas sobre la responsabilidad. Establecer la responsabilidad puede requerir pruebas adicionales, lo que ralentiza el proceso. <\/p>\n\n<h4 class=\"wp-block-heading\">Casos de resbalones y ca\u00eddas<\/h4>\n\n<p>Los casos de <a href=\"https:\/\/rodriguezlawfirm.com\/es\/servicios\/abogado-de-resbalones-y-caidas\/\">resbalones y ca\u00eddas<\/a> se resuelven en una media de 260 d\u00edas.<\/p>\n\n<p>Aunque no es nuestro enfoque principal, tenemos una s\u00f3lida experiencia en la gesti\u00f3n eficiente de estas reclamaciones. De hecho, un caso de nuestro conjunto de datos se resolvi\u00f3 en solo 3 meses. <\/p>\n\n<h2 class=\"wp-block-heading\">Obtenga un plazo claro para su caso<\/h2>\n\n<p>En 1.608 casos, nuestro tiempo medio de resoluci\u00f3n es de 273 d\u00edas, o unos 9 meses.<\/p>\n\n<p>Eso es aproximadamente 6 meses m\u00e1s r\u00e1pido que la media de EE. UU. de 15 meses.<\/p>\n\n<p>Pero es importante ser claros: no hay dos casos iguales. Existen factores que escapan al control de cualquier abogado, por mucha experiencia que tenga. <\/p>\n\n<p>Si desea una estimaci\u00f3n realista basada en su situaci\u00f3n, el mejor paso es solicitar una revisi\u00f3n de su caso.<\/p>\n\n<p>Puede <a href=\"https:\/\/rodriguezlawfirm.com\/es\/contacto\/\">solicitar una revisi\u00f3n gratuita de su caso<\/a> con Rodriguez Law Firm. No tiene coste ni compromiso. Analizaremos los detalles de su caso y le daremos un plazo basado en la experiencia real, no en conjeturas.  <\/p>\n","protected":false},"excerpt":{"rendered":"<p>Una de las preguntas m\u00e1s frecuentes que recibimos en Rodriguez Law Firm es sencilla: \u201c\u00bfCu\u00e1nto tiempo tardar\u00e1 en resolverse mi caso?\u201d La mayor\u00eda de los abogados dan una estimaci\u00f3n aproximada o evitan responder. Esto se debe a que es dif\u00edcil predecir cu\u00e1nto tiempo tardar\u00e1 en resolverse su caso, ya que intervienen muchos factores. Pero nosotros [&hellip;]<\/p>\n","protected":false},"author":6,"featured_media":3078,"parent":0,"menu_order":0,"comment_status":"closed","ping_status":"closed","template":"","meta":{"footnotes":""},"class_list":["post-3079","page","type-page","status-publish","has-post-thumbnail","hentry"],"aioseo_notices":[],"aioseo_head":"\n\t\t<!-- All in One SEO Pro 4.9.6.2 - aioseo.com -->\n\t<meta name=\"description\" content=\"Una de las preguntas m\u00e1s frecuentes que recibimos en Rodriguez Law Firm es sencilla: \u201c\u00bfCu\u00e1nto tiempo tardar\u00e1 en resolverse mi caso?\u201d La mayor\u00eda de los abogados dan una estimaci\u00f3n aproximada o evitan responder. Esto se debe a que es dif\u00edcil predecir cu\u00e1nto tiempo tardar\u00e1 en resolverse su caso, ya que intervienen muchos factores. Pero nosotros\" \/>\n\t<meta name=\"robots\" content=\"max-image-preview:large\" \/>\n\t<link rel=\"canonical\" href=\"https:\/\/rodriguezlawfirm.com\/es\/cuanto-tiempo-tarda-un-acuerdo-con-rodriguez-law-firm\/\" \/>\n\t<meta name=\"generator\" content=\"All in One SEO Pro (AIOSEO) 4.9.6.2\" \/>\n\t\t<meta property=\"og:locale\" content=\"es_MX\" \/>\n\t\t<meta property=\"og:site_name\" content=\"Rodriguez Law Firm | Car Accident Lawyer\" \/>\n\t\t<meta property=\"og:type\" content=\"article\" \/>\n\t\t<meta property=\"og:title\" content=\"\u00bfCu\u00e1nto tiempo tarda un acuerdo con Rodriguez Law Firm? | Rodriguez Law Firm\" \/>\n\t\t<meta property=\"og:description\" content=\"Una de las preguntas m\u00e1s frecuentes que recibimos en Rodriguez Law Firm es sencilla: \u201c\u00bfCu\u00e1nto tiempo tardar\u00e1 en resolverse mi caso?\u201d La mayor\u00eda de los abogados dan una estimaci\u00f3n aproximada o evitan responder. Esto se debe a que es dif\u00edcil predecir cu\u00e1nto tiempo tardar\u00e1 en resolverse su caso, ya que intervienen muchos factores. Pero nosotros\" \/>\n\t\t<meta property=\"og:url\" content=\"https:\/\/rodriguezlawfirm.com\/es\/cuanto-tiempo-tarda-un-acuerdo-con-rodriguez-law-firm\/\" \/>\n\t\t<meta property=\"article:published_time\" content=\"2026-04-22T15:24:00+00:00\" \/>\n\t\t<meta property=\"article:modified_time\" content=\"2026-05-03T15:39:51+00:00\" \/>\n\t\t<meta name=\"twitter:card\" content=\"summary_large_image\" \/>\n\t\t<meta name=\"twitter:title\" content=\"\u00bfCu\u00e1nto tiempo tarda un acuerdo con Rodriguez Law Firm? | Rodriguez Law Firm\" \/>\n\t\t<meta name=\"twitter:description\" content=\"Una de las preguntas m\u00e1s frecuentes que recibimos en Rodriguez Law Firm es sencilla: \u201c\u00bfCu\u00e1nto tiempo tardar\u00e1 en resolverse mi caso?\u201d La mayor\u00eda de los abogados dan una estimaci\u00f3n aproximada o evitan responder. Esto se debe a que es dif\u00edcil predecir cu\u00e1nto tiempo tardar\u00e1 en resolverse su caso, ya que intervienen muchos factores. Pero nosotros\" \/>\n\t\t<script type=\"application\/ld+json\" class=\"aioseo-schema\">\n\t\t\t{\"@context\":\"https:\\\/\\\/schema.org\",\"@graph\":[{\"@type\":\"BreadcrumbList\",\"@id\":\"https:\\\/\\\/rodriguezlawfirm.com\\\/es\\\/cuanto-tiempo-tarda-un-acuerdo-con-rodriguez-law-firm\\\/#breadcrumblist\",\"itemListElement\":[{\"@type\":\"ListItem\",\"@id\":\"https:\\\/\\\/rodriguezlawfirm.com\\\/es\\\/#listItem\",\"position\":1,\"name\":\"Home\",\"item\":\"https:\\\/\\\/rodriguezlawfirm.com\\\/es\\\/\",\"nextItem\":{\"@type\":\"ListItem\",\"@id\":\"https:\\\/\\\/rodriguezlawfirm.com\\\/es\\\/cuanto-tiempo-tarda-un-acuerdo-con-rodriguez-law-firm\\\/#listItem\",\"name\":\"\\u00bfCu\\u00e1nto tiempo tarda un acuerdo con Rodriguez Law Firm?\"}},{\"@type\":\"ListItem\",\"@id\":\"https:\\\/\\\/rodriguezlawfirm.com\\\/es\\\/cuanto-tiempo-tarda-un-acuerdo-con-rodriguez-law-firm\\\/#listItem\",\"position\":2,\"name\":\"\\u00bfCu\\u00e1nto tiempo tarda un acuerdo con Rodriguez Law Firm?\",\"previousItem\":{\"@type\":\"ListItem\",\"@id\":\"https:\\\/\\\/rodriguezlawfirm.com\\\/es\\\/#listItem\",\"name\":\"Home\"}}]},{\"@type\":\"Organization\",\"@id\":\"https:\\\/\\\/rodriguezlawfirm.com\\\/es\\\/#organization\",\"name\":\"Rodriguez Law Firm\",\"description\":\"Car Accident Lawyer\",\"url\":\"https:\\\/\\\/rodriguezlawfirm.com\\\/es\\\/\"},{\"@type\":\"WebPage\",\"@id\":\"https:\\\/\\\/rodriguezlawfirm.com\\\/es\\\/cuanto-tiempo-tarda-un-acuerdo-con-rodriguez-law-firm\\\/#webpage\",\"url\":\"https:\\\/\\\/rodriguezlawfirm.com\\\/es\\\/cuanto-tiempo-tarda-un-acuerdo-con-rodriguez-law-firm\\\/\",\"name\":\"\\u00bfCu\\u00e1nto tiempo tarda un acuerdo con Rodriguez Law Firm? | Rodriguez Law Firm\",\"description\":\"Una de las preguntas m\\u00e1s frecuentes que recibimos en Rodriguez Law Firm es sencilla: \\u201c\\u00bfCu\\u00e1nto tiempo tardar\\u00e1 en resolverse mi caso?\\u201d La mayor\\u00eda de los abogados dan una estimaci\\u00f3n aproximada o evitan responder. Esto se debe a que es dif\\u00edcil predecir cu\\u00e1nto tiempo tardar\\u00e1 en resolverse su caso, ya que intervienen muchos factores. Pero nosotros\",\"inLanguage\":\"es-MX\",\"isPartOf\":{\"@id\":\"https:\\\/\\\/rodriguezlawfirm.com\\\/es\\\/#website\"},\"breadcrumb\":{\"@id\":\"https:\\\/\\\/rodriguezlawfirm.com\\\/es\\\/cuanto-tiempo-tarda-un-acuerdo-con-rodriguez-law-firm\\\/#breadcrumblist\"},\"image\":{\"@type\":\"ImageObject\",\"url\":\"https:\\\/\\\/rodriguezlawfirm.com\\\/wp-content\\\/uploads\\\/2026\\\/04\\\/days_to_resolve_accident_cases_rodriguez_law_firm_2025_2026_jitter_graph-scaled.png?wsr\",\"@id\":\"https:\\\/\\\/rodriguezlawfirm.com\\\/es\\\/cuanto-tiempo-tarda-un-acuerdo-con-rodriguez-law-firm\\\/#mainImage\",\"width\":2560,\"height\":1351},\"primaryImageOfPage\":{\"@id\":\"https:\\\/\\\/rodriguezlawfirm.com\\\/es\\\/cuanto-tiempo-tarda-un-acuerdo-con-rodriguez-law-firm\\\/#mainImage\"},\"datePublished\":\"2026-04-22T11:24:00-04:00\",\"dateModified\":\"2026-05-03T11:39:51-04:00\"},{\"@type\":\"WebSite\",\"@id\":\"https:\\\/\\\/rodriguezlawfirm.com\\\/es\\\/#website\",\"url\":\"https:\\\/\\\/rodriguezlawfirm.com\\\/es\\\/\",\"name\":\"Rodriguez Law Firm\",\"description\":\"Car Accident Lawyer\",\"inLanguage\":\"es-MX\",\"publisher\":{\"@id\":\"https:\\\/\\\/rodriguezlawfirm.com\\\/es\\\/#organization\"}}]}\n\t\t<\/script>\n\t\t<!-- All in One SEO Pro -->\r\n\t\t<title>\u00bfCu\u00e1nto tiempo tarda un acuerdo con Rodriguez Law Firm? | Rodriguez Law Firm<\/title>\n\n","aioseo_head_json":{"title":"\u00bfCu\u00e1nto tiempo tarda un acuerdo con Rodriguez Law Firm? | Rodriguez Law Firm","description":"Una de las preguntas m\u00e1s frecuentes que recibimos en Rodriguez Law Firm es sencilla: \u201c\u00bfCu\u00e1nto tiempo tardar\u00e1 en resolverse mi caso?\u201d La mayor\u00eda de los abogados dan una estimaci\u00f3n aproximada o evitan responder. Esto se debe a que es dif\u00edcil predecir cu\u00e1nto tiempo tardar\u00e1 en resolverse su caso, ya que intervienen muchos factores. Pero nosotros","canonical_url":"https:\/\/rodriguezlawfirm.com\/es\/cuanto-tiempo-tarda-un-acuerdo-con-rodriguez-law-firm\/","robots":"max-image-preview:large","keywords":"","webmasterTools":{"miscellaneous":""},"schema":{"@context":"https:\/\/schema.org","@graph":[{"@type":"BreadcrumbList","@id":"https:\/\/rodriguezlawfirm.com\/es\/cuanto-tiempo-tarda-un-acuerdo-con-rodriguez-law-firm\/#breadcrumblist","itemListElement":[{"@type":"ListItem","@id":"https:\/\/rodriguezlawfirm.com\/es\/#listItem","position":1,"name":"Home","item":"https:\/\/rodriguezlawfirm.com\/es\/","nextItem":{"@type":"ListItem","@id":"https:\/\/rodriguezlawfirm.com\/es\/cuanto-tiempo-tarda-un-acuerdo-con-rodriguez-law-firm\/#listItem","name":"\u00bfCu\u00e1nto tiempo tarda un acuerdo con Rodriguez Law Firm?"}},{"@type":"ListItem","@id":"https:\/\/rodriguezlawfirm.com\/es\/cuanto-tiempo-tarda-un-acuerdo-con-rodriguez-law-firm\/#listItem","position":2,"name":"\u00bfCu\u00e1nto tiempo tarda un acuerdo con Rodriguez Law Firm?","previousItem":{"@type":"ListItem","@id":"https:\/\/rodriguezlawfirm.com\/es\/#listItem","name":"Home"}}]},{"@type":"Organization","@id":"https:\/\/rodriguezlawfirm.com\/es\/#organization","name":"Rodriguez Law Firm","description":"Car Accident Lawyer","url":"https:\/\/rodriguezlawfirm.com\/es\/"},{"@type":"WebPage","@id":"https:\/\/rodriguezlawfirm.com\/es\/cuanto-tiempo-tarda-un-acuerdo-con-rodriguez-law-firm\/#webpage","url":"https:\/\/rodriguezlawfirm.com\/es\/cuanto-tiempo-tarda-un-acuerdo-con-rodriguez-law-firm\/","name":"\u00bfCu\u00e1nto tiempo tarda un acuerdo con Rodriguez Law Firm? | Rodriguez Law Firm","description":"Una de las preguntas m\u00e1s frecuentes que recibimos en Rodriguez Law Firm es sencilla: \u201c\u00bfCu\u00e1nto tiempo tardar\u00e1 en resolverse mi caso?\u201d La mayor\u00eda de los abogados dan una estimaci\u00f3n aproximada o evitan responder. Esto se debe a que es dif\u00edcil predecir cu\u00e1nto tiempo tardar\u00e1 en resolverse su caso, ya que intervienen muchos factores. Pero nosotros","inLanguage":"es-MX","isPartOf":{"@id":"https:\/\/rodriguezlawfirm.com\/es\/#website"},"breadcrumb":{"@id":"https:\/\/rodriguezlawfirm.com\/es\/cuanto-tiempo-tarda-un-acuerdo-con-rodriguez-law-firm\/#breadcrumblist"},"image":{"@type":"ImageObject","url":"https:\/\/rodriguezlawfirm.com\/wp-content\/uploads\/2026\/04\/days_to_resolve_accident_cases_rodriguez_law_firm_2025_2026_jitter_graph-scaled.png?wsr","@id":"https:\/\/rodriguezlawfirm.com\/es\/cuanto-tiempo-tarda-un-acuerdo-con-rodriguez-law-firm\/#mainImage","width":2560,"height":1351},"primaryImageOfPage":{"@id":"https:\/\/rodriguezlawfirm.com\/es\/cuanto-tiempo-tarda-un-acuerdo-con-rodriguez-law-firm\/#mainImage"},"datePublished":"2026-04-22T11:24:00-04:00","dateModified":"2026-05-03T11:39:51-04:00"},{"@type":"WebSite","@id":"https:\/\/rodriguezlawfirm.com\/es\/#website","url":"https:\/\/rodriguezlawfirm.com\/es\/","name":"Rodriguez Law Firm","description":"Car Accident Lawyer","inLanguage":"es-MX","publisher":{"@id":"https:\/\/rodriguezlawfirm.com\/es\/#organization"}}]},"og:locale":"es_MX","og:site_name":"Rodriguez Law Firm | Car Accident Lawyer","og:type":"article","og:title":"\u00bfCu\u00e1nto tiempo tarda un acuerdo con Rodriguez Law Firm? | Rodriguez Law Firm","og:description":"Una de las preguntas m\u00e1s frecuentes que recibimos en Rodriguez Law Firm es sencilla: \u201c\u00bfCu\u00e1nto tiempo tardar\u00e1 en resolverse mi caso?\u201d La mayor\u00eda de los abogados dan una estimaci\u00f3n aproximada o evitan responder. Esto se debe a que es dif\u00edcil predecir cu\u00e1nto tiempo tardar\u00e1 en resolverse su caso, ya que intervienen muchos factores. Pero nosotros","og:url":"https:\/\/rodriguezlawfirm.com\/es\/cuanto-tiempo-tarda-un-acuerdo-con-rodriguez-law-firm\/","article:published_time":"2026-04-22T15:24:00+00:00","article:modified_time":"2026-05-03T15:39:51+00:00","twitter:card":"summary_large_image","twitter:title":"\u00bfCu\u00e1nto tiempo tarda un acuerdo con Rodriguez Law Firm? | Rodriguez Law Firm","twitter:description":"Una de las preguntas m\u00e1s frecuentes que recibimos en Rodriguez Law Firm es sencilla: \u201c\u00bfCu\u00e1nto tiempo tardar\u00e1 en resolverse mi caso?\u201d La mayor\u00eda de los abogados dan una estimaci\u00f3n aproximada o evitan responder. Esto se debe a que es dif\u00edcil predecir cu\u00e1nto tiempo tardar\u00e1 en resolverse su caso, ya que intervienen muchos factores. Pero nosotros"},"aioseo_meta_data":{"post_id":"3079","title":null,"description":null,"keywords":null,"keyphrases":{"focus":{"keyphrase":"","score":0,"analysis":{"keyphraseInTitle":{"score":0,"maxScore":9,"error":1}}},"additional":[]},"primary_term":null,"canonical_url":null,"og_title":null,"og_description":null,"og_object_type":"default","og_image_type":"default","og_image_url":null,"og_image_width":null,"og_image_height":null,"og_image_custom_url":null,"og_image_custom_fields":null,"og_video":"","og_custom_url":null,"og_article_section":null,"og_article_tags":null,"twitter_use_og":false,"twitter_card":"default","twitter_image_type":"default","twitter_image_url":null,"twitter_image_custom_url":null,"twitter_image_custom_fields":null,"twitter_title":null,"twitter_description":null,"schema":{"blockGraphs":[],"customGraphs":[],"default":{"data":{"Article":[],"Course":[],"Dataset":[],"FAQPage":[],"Movie":[],"Person":[],"Product":[],"ProductReview":[],"Car":[],"Recipe":[],"Service":[],"SoftwareApplication":[],"WebPage":[]},"graphName":"WebPage","isEnabled":true},"graphs":[]},"schema_type":"default","schema_type_options":null,"pillar_content":false,"robots_default":true,"robots_noindex":false,"robots_noarchive":false,"robots_nosnippet":false,"robots_nofollow":false,"robots_noimageindex":false,"robots_noodp":false,"robots_notranslate":false,"robots_max_snippet":"-1","robots_max_videopreview":"-1","robots_max_imagepreview":"large","priority":null,"frequency":"default","local_seo":null,"seo_analyzer_scan_date":"2026-04-22 16:12:42","breadcrumb_settings":null,"limit_modified_date":false,"reviewed_by":null,"open_ai":null,"ai":{"faqs":[],"keyPoints":[],"titles":[],"descriptions":[],"socialPosts":{"email":[],"linkedin":[],"twitter":[],"facebook":[],"instagram":[]}},"created":"2026-05-03 15:39:51","updated":"2026-05-03 20:24:14"},"aioseo_breadcrumb":"<div class=\"aioseo-breadcrumbs\"><span class=\"aioseo-breadcrumb\">\n\t<a href=\"https:\/\/rodriguezlawfirm.com\/es\/\" title=\"Home\">Home<\/a>\n<\/span><span class=\"aioseo-breadcrumb-separator\">\u00bb<\/span><span class=\"aioseo-breadcrumb\">\n\t\u00bfCu\u00e1nto tiempo tarda un acuerdo con Rodriguez Law Firm?\n<\/span><\/div>","aioseo_breadcrumb_json":[{"label":"Home","link":"https:\/\/rodriguezlawfirm.com\/es\/"},{"label":"\u00bfCu\u00e1nto tiempo tarda un acuerdo con Rodriguez Law Firm?","link":"https:\/\/rodriguezlawfirm.com\/es\/cuanto-tiempo-tarda-un-acuerdo-con-rodriguez-law-firm\/"}],"_links":{"self":[{"href":"https:\/\/rodriguezlawfirm.com\/es\/wp-json\/wp\/v2\/pages\/3079","targetHints":{"allow":["GET"]}}],"collection":[{"href":"https:\/\/rodriguezlawfirm.com\/es\/wp-json\/wp\/v2\/pages"}],"about":[{"href":"https:\/\/rodriguezlawfirm.com\/es\/wp-json\/wp\/v2\/types\/page"}],"author":[{"embeddable":true,"href":"https:\/\/rodriguezlawfirm.com\/es\/wp-json\/wp\/v2\/users\/6"}],"replies":[{"embeddable":true,"href":"https:\/\/rodriguezlawfirm.com\/es\/wp-json\/wp\/v2\/comments?post=3079"}],"version-history":[{"count":1,"href":"https:\/\/rodriguezlawfirm.com\/es\/wp-json\/wp\/v2\/pages\/3079\/revisions"}],"predecessor-version":[{"id":3080,"href":"https:\/\/rodriguezlawfirm.com\/es\/wp-json\/wp\/v2\/pages\/3079\/revisions\/3080"}],"wp:featuredmedia":[{"embeddable":true,"href":"https:\/\/rodriguezlawfirm.com\/es\/wp-json\/wp\/v2\/media\/3078"}],"wp:attachment":[{"href":"https:\/\/rodriguezlawfirm.com\/es\/wp-json\/wp\/v2\/media?parent=3079"}],"curies":[{"name":"wp","href":"https:\/\/api.w.org\/{rel}","templated":true}]}}